{"id":11851,"date":"2021-06-29T08:44:25","date_gmt":"2021-06-29T08:44:25","guid":{"rendered":"https:\/\/novisad2022.rs\/?page_id=11851"},"modified":"2021-07-27T11:44:58","modified_gmt":"2021-07-27T09:44:58","slug":"freedom-bridge","status":"publish","type":"page","link":"https:\/\/novisad2022.rs\/en\/freedom-bridge\/","title":{"rendered":"Freedom Bridge"},"content":{"rendered":"<div data-elementor-type=\"wp-page\" data-elementor-id=\"11851\" class=\"elementor elementor-11851\" data-elementor-post-type=\"page\">\r\n\t\t\t\t\t\t<section class=\"elementor-section elementor-top-section elementor-element elementor-element-f270e5f elementor-section-boxed elementor-section-height-default elementor-section-height-default\" data-id=\"f270e5f\" data-element_type=\"section\" data-e-type=\"section\">\r\n\t\t\t\t\t\t<div class=\"elementor-container elementor-column-gap-default\">\r\n\t\t\t\t\t<div class=\"elementor-column elementor-col-100 elementor-top-column elementor-element elementor-element-8137915\" data-id=\"8137915\" data-element_type=\"column\" data-e-type=\"column\">\r\n\t\t\t<div class=\"elementor-widget-wrap elementor-element-populated\">\r\n\t\t\t\t\t\t<div class=\"elementor-element elementor-element-b120dd5 elementor-widget elementor-widget-heading\" data-id=\"b120dd5\" data-element_type=\"widget\" data-e-type=\"widget\" data-widget_type=\"heading.default\">\r\n\t\t\t\t<div class=\"elementor-widget-container\">\r\n\t\t\t\t\t<h2 class=\"elementor-heading-title elementor-size-default\">The Beginning of New. Now!<\/h2>\t\t\t\t<\/div>\r\n\t\t\t\t<\/div>\r\n\t\t\t\t<section class=\"elementor-section elementor-inner-section elementor-element elementor-element-be584a8 elementor-section-boxed elementor-section-height-default elementor-section-height-default\" data-id=\"be584a8\" data-element_type=\"section\" data-e-type=\"section\">\r\n\t\t\t\t\t\t<div class=\"elementor-container elementor-column-gap-default\">\r\n\t\t\t\t\t<div class=\"elementor-column elementor-col-100 elementor-inner-column elementor-element elementor-element-661581a\" data-id=\"661581a\" data-element_type=\"column\" data-e-type=\"column\" data-settings=\"{&quot;background_background&quot;:&quot;classic&quot;}\">\r\n\t\t\t<div class=\"elementor-widget-wrap elementor-element-populated\">\r\n\t\t\t\t\t\t<div class=\"elementor-element elementor-element-60f14f7 elementor-widget elementor-widget-button\" data-id=\"60f14f7\" data-element_type=\"widget\" data-e-type=\"widget\" data-widget_type=\"button.default\">\r\n\t\t\t\t<div class=\"elementor-widget-container\">\r\n\t\t\t\t\t\t\t\t\t<div class=\"elementor-button-wrapper\">\r\n\t\t\t\t\t<a class=\"elementor-button elementor-button-link elementor-size-sm\" href=\"#\">\r\n\t\t\t\t\t\t<span class=\"elementor-button-content-wrapper\">\r\n\t\t\t\t\t\t<span class=\"elementor-button-icon\">\r\n\t\t\t\t<i aria-hidden=\"true\" class=\"fas fa-chevron-right\"><\/i>\t\t\t<\/span>\r\n\t\t\t\t\t\t\t\t\t<span class=\"elementor-button-text\">Future of Europe<\/span>\r\n\t\t\t\t\t<\/span>\r\n\t\t\t\t\t<\/a>\r\n\t\t\t\t<\/div>\r\n\t\t\t\t\t\t\t\t<\/div>\r\n\t\t\t\t<\/div>\r\n\t\t\t\t\t<\/div>\r\n\t\t<\/div>\r\n\t\t\t\t\t<\/div>\r\n\t\t<\/section>\r\n\t\t\t\t<div class=\"elementor-element elementor-element-f428c37 elementor-widget elementor-widget-text-editor\" data-id=\"f428c37\" data-element_type=\"widget\" data-e-type=\"widget\" data-widget_type=\"text-editor.default\">\r\n\t\t\t\t<div class=\"elementor-widget-container\">\r\n\t\t\t\t\t\t\t\t\t<h4><strong>20 MAR \u2013 15 MAY<\/strong><\/h4><p>Encouraging and involving children in creating better future of Europe through culture and art are the main goals of the programme arch.<\/p><p>Some of the biggest programmes will deal with alternative models of education (The School of Future), encouragement to critical thinking about social topics (The Flags of Future), modern reading of traditional narratives (The Fairy Tales of Future) and other topics.<\/p><p><div class=\"ast-oembed-container\" style=\"height: 100%;\"><iframe title=\"\u0410\u043b\u0435\u043a\u0441\u0430\u043d\u0434\u0440\u0430 \u041c\u0430\u043d\u043e\u0458\u043b\u043e\u0432\u0438\u045b, \u043a\u043e\u043e\u0440\u0434\u0438\u043d\u0430\u0442\u043e\u0440\u043a\u0430 \u043f\u0440\u043e\u0433\u0440\u0430\u043c\u0441\u043a\u043e\u0433 \u043b\u0443\u043a\u0430 \u201e\u0411\u0443\u0434\u0443\u045b\u043d\u043e\u0441\u0442 \u0415\u0432\u0440\u043e\u043f\u0435\u201d\" width=\"500\" height=\"281\" src=\"https:\/\/www.youtube.com\/embed\/O6CABCZmiNA?feature=oembed\" frameborder=\"0\" allow=\"accelerometer; autoplay; clipboard-write; encrypted-media; gyroscope; picture-in-picture; web-share\" referrerpolicy=\"strict-origin-when-cross-origin\" allowfullscreen><\/iframe><\/div><\/p><p>Children and young people, as a basis for a better future of Europe, are encouraged to think critically, as well as to take an active part in social issues. This programme arch will bring many <strong>artists from 21 countries<\/strong> to the European Capital of Culture, and will prepare <strong>more than 400 interesting events<\/strong> for you.<\/p><p>Some of the names and programmes for the Future of Europe announced so far are the <strong>Dublin Theatre Festival<\/strong> \u2013 the oldest European theatre festival in Ireland, <strong>Associazione Culturale Capotrave \/ Kilowatt<\/strong> \u2013 a contemporary Italian theatre festival, <strong>Gothenburg Dance and Theatre Festival<\/strong> and <strong>Polyplanity<\/strong> \u2013 a Greek organisation dedicated to an innovative model of performance focused on true stories and real people, as well as <strong>Karmina \u0160ilec, Kokan Mladenovi\u0107, Robert Raponja, Jasminka Petrovi\u0107, Tode Nikoleti\u0107, Dejan Aleksi\u0107, Milo\u0161 Petkovi\u0107, Istv\u00e1n Lakatos <\/strong>and <strong>Aleksandra Vrebalov.<\/strong><\/p><p>In the following months, the announcement of the programme for 2022 will continue. The entire Programme Book of the project will be published in October this year.<\/p><p><img fetchpriority=\"high\" decoding=\"async\" class=\"alignnone size-full wp-image-12826\" src=\"https:\/\/novisad2022.rs\/wp-content\/uploads\/2021\/07\/statistika_buducnost-evrope-1.png\" alt=\"\" width=\"1921\" height=\"1081\" srcset=\"https:\/\/novisad2022.rs\/wp-content\/uploads\/2021\/07\/statistika_buducnost-evrope-1.png 1921w, https:\/\/novisad2022.rs\/wp-content\/uploads\/2021\/07\/statistika_buducnost-evrope-1-300x169.png 300w, https:\/\/novisad2022.rs\/wp-content\/uploads\/2021\/07\/statistika_buducnost-evrope-1-1024x576.png 1024w, https:\/\/novisad2022.rs\/wp-content\/uploads\/2021\/07\/statistika_buducnost-evrope-1-768x432.png 768w, https:\/\/novisad2022.rs\/wp-content\/uploads\/2021\/07\/statistika_buducnost-evrope-1-1536x864.png 1536w\" sizes=\"(max-width: 1921px) 100vw, 1921px\" \/><\/p>\t\t\t\t\t\t\t\t<\/div>\r\n\t\t\t\t<\/div>\r\n\t\t\t\t<section class=\"elementor-section elementor-inner-section elementor-element elementor-element-51db5ce elementor-section-boxed elementor-section-height-default elementor-section-height-default\" data-id=\"51db5ce\" data-element_type=\"section\" data-e-type=\"section\">\r\n\t\t\t\t\t\t<div class=\"elementor-container elementor-column-gap-default\">\r\n\t\t\t\t\t<div class=\"elementor-column elementor-col-100 elementor-inner-column elementor-element elementor-element-429d97f\" data-id=\"429d97f\" data-element_type=\"column\" data-e-type=\"column\" data-settings=\"{&quot;background_background&quot;:&quot;classic&quot;}\">\r\n\t\t\t<div class=\"elementor-widget-wrap elementor-element-populated\">\r\n\t\t\t\t\t\t<div class=\"elementor-element elementor-element-f622b5c elementor-widget elementor-widget-button\" data-id=\"f622b5c\" data-element_type=\"widget\" data-e-type=\"widget\" data-widget_type=\"button.default\">\r\n\t\t\t\t<div class=\"elementor-widget-container\">\r\n\t\t\t\t\t\t\t\t\t<div class=\"elementor-button-wrapper\">\r\n\t\t\t\t\t<a class=\"elementor-button elementor-button-link elementor-size-sm\" href=\"#\">\r\n\t\t\t\t\t\t<span class=\"elementor-button-content-wrapper\">\r\n\t\t\t\t\t\t<span class=\"elementor-button-icon\">\r\n\t\t\t\t<i aria-hidden=\"true\" class=\"fas fa-chevron-right\"><\/i>\t\t\t<\/span>\r\n\t\t\t\t\t\t\t\t\t<span class=\"elementor-button-text\">Heroines<\/span>\r\n\t\t\t\t\t<\/span>\r\n\t\t\t\t\t<\/a>\r\n\t\t\t\t<\/div>\r\n\t\t\t\t\t\t\t\t<\/div>\r\n\t\t\t\t<\/div>\r\n\t\t\t\t\t<\/div>\r\n\t\t<\/div>\r\n\t\t\t\t\t<\/div>\r\n\t\t<\/section>\r\n\t\t\t\t\t<\/div>\r\n\t\t<\/div>\r\n\t\t\t\t\t<\/div>\r\n\t\t<\/section>\r\n\t\t\t\t<section class=\"elementor-section elementor-top-section elementor-element elementor-element-26a213d elementor-section-boxed elementor-section-height-default elementor-section-height-default\" data-id=\"26a213d\" data-element_type=\"section\" data-e-type=\"section\">\r\n\t\t\t\t\t\t<div class=\"elementor-container elementor-column-gap-default\">\r\n\t\t\t\t\t<div class=\"elementor-column elementor-col-100 elementor-top-column elementor-element elementor-element-2d09cc5\" data-id=\"2d09cc5\" data-element_type=\"column\" data-e-type=\"column\">\r\n\t\t\t<div class=\"elementor-widget-wrap elementor-element-populated\">\r\n\t\t\t\t\t\t<div class=\"elementor-element elementor-element-02c1c21 elementor-widget elementor-widget-text-editor\" data-id=\"02c1c21\" data-element_type=\"widget\" data-e-type=\"widget\" data-widget_type=\"text-editor.default\">\r\n\t\t\t\t<div class=\"elementor-widget-container\">\r\n\t\t\t\t\t\t\t\t\t<h4><strong>16 MAY \u2013 12 JUN<\/strong><\/h4><p>We create gender-equal society by presenting women\u2019s culture, art and creative work and by reassessing women\u2019s historical heritage.<\/p><p>Heroines are dedicated to our most distinguished scientists, artists, patronesses, activists and other women who changed the world. Mileva Mari\u0107 Einstein, Marija Trandafil, Milica Stojadinovi\u0107 Srpkinja, and Milica Tomi\u0107 are some of the important figures of national history and culture who inspired exhibitions, plays concerts and other events we can expect within the programme arch.<\/p><p><div class=\"ast-oembed-container\" style=\"height: 100%;\"><iframe title=\"\u041c\u0430\u0440\u0438\u043d\u0430 \u0421\u0430\u0432\u0438\u045b, \u043a\u043e\u043e\u0440\u0434\u0438\u043d\u0430\u0442\u043e\u0440\u043a\u0430 \u043f\u0440\u043e\u0433\u0440\u0430\u043c\u0441\u043a\u043e\u0433 \u043b\u0443\u043a\u0430 \u201e\u0425\u0435\u0440\u043e\u0438\u043d\u0435\u201d\" width=\"500\" height=\"281\" src=\"https:\/\/www.youtube.com\/embed\/S1ukWYPxMDM?feature=oembed\" frameborder=\"0\" allow=\"accelerometer; autoplay; clipboard-write; encrypted-media; gyroscope; picture-in-picture; web-share\" referrerpolicy=\"strict-origin-when-cross-origin\" allowfullscreen><\/iframe><\/div><\/p><p>Women have played key roles in the history of Novi Sad. That is why the Heroines programme arch deals with female creativity, encouraging and promoting female culture, art and creativity. The arch promotes female historical heritage for the sake of equal society.<\/p><p>Next year, <strong>250 artists from 20 countries<\/strong> are waiting for you within Heroines, and they <strong>will prepare 170 diverse programmes<\/strong> for you.<\/p><p>Some of the names and programmes for Heroines announced so far are the Italian writer, director and physicist <strong>Gabrielle Greison<\/strong>, as well as prominent authors from the region \u2013 <strong>Minja Bogavac, Olga Dimitrijevi\u0107, Tijana Grumi\u0107, Vedrana Bo\u017einovi\u0107 <\/strong>and <strong>Vedrana Klepica<\/strong>.<\/p><p>In the following months, the announcement of the programme for 2022 will continue. The entire Programme Book of the project will be published in October this year.<\/p><p><img decoding=\"async\" class=\"alignnone size-full wp-image-12828\" src=\"https:\/\/novisad2022.rs\/wp-content\/uploads\/2021\/07\/statistika_heroine-1.png\" alt=\"\" width=\"1921\" height=\"1081\" srcset=\"https:\/\/novisad2022.rs\/wp-content\/uploads\/2021\/07\/statistika_heroine-1.png 1921w, https:\/\/novisad2022.rs\/wp-content\/uploads\/2021\/07\/statistika_heroine-1-300x169.png 300w, https:\/\/novisad2022.rs\/wp-content\/uploads\/2021\/07\/statistika_heroine-1-1024x576.png 1024w, https:\/\/novisad2022.rs\/wp-content\/uploads\/2021\/07\/statistika_heroine-1-768x432.png 768w, https:\/\/novisad2022.rs\/wp-content\/uploads\/2021\/07\/statistika_heroine-1-1536x864.png 1536w\" sizes=\"(max-width: 1921px) 100vw, 1921px\" \/><\/p>\t\t\t\t\t\t\t\t<\/div>\r\n\t\t\t\t<\/div>\r\n\t\t\t\t\t<\/div>\r\n\t\t<\/div>\r\n\t\t\t\t\t<\/div>\r\n\t\t<\/section>\r\n\t\t\t\t<\/div>","protected":false},"excerpt":{"rendered":"<p>The Beginning of New. Now! Future of Europe 20 MAR \u2013 15 MAY Encouraging and involving children in creating better future of Europe through culture and art are the main goals of the programme arch. Some of the biggest programmes will deal with alternative models of education (The School of Future), encouragement to critical thinking [&hellip;]<\/p>\n","protected":false},"author":8,"featured_media":11903,"parent":0,"menu_order":0,"comment_status":"closed","ping_status":"closed","template":"","meta":{"site-sidebar-layout":"no-sidebar","site-content-layout":"page-builder","ast-site-content-layout":"default","site-content-style":"default","site-sidebar-style":"default","ast-global-header-display":"","ast-banner-title-visibility":"","ast-main-header-display":"","ast-hfb-above-header-display":"","ast-hfb-below-header-display":"","ast-hfb-mobile-header-display":"","site-post-title":"disabled","ast-breadcrumbs-content":"","ast-featured-img":"disabled","footer-sml-layout":"","ast-disable-related-posts":"","theme-transparent-header-meta":"default","adv-header-id-meta":"","stick-header-meta":"","header-above-stick-meta":"","header-main-stick-meta":"","header-below-stick-meta":"","astra-migrate-meta-layouts":"default","ast-page-background-enabled":"default","ast-page-background-meta":{"desktop":{"background-color":"","background-image":"","background-repeat":"repeat","background-position":"center center","background-size":"auto","background-attachment":"scroll","background-type":"","background-media":"","overlay-type":"","overlay-color":"","overlay-opacity":"","overlay-gradient":""},"tablet":{"background-color":"","background-image":"","background-repeat":"repeat","background-position":"center center","background-size":"auto","background-attachment":"scroll","background-type":"","background-media":"","overlay-type":"","overlay-color":"","overlay-opacity":"","overlay-gradient":""},"mobile":{"background-color":"","background-image":"","background-repeat":"repeat","background-position":"center center","background-size":"auto","background-attachment":"scroll","background-type":"","background-media":"","overlay-type":"","overlay-color":"","overlay-opacity":"","overlay-gradient":""}},"ast-content-background-meta":{"desktop":{"background-color":"var(--ast-global-color-5)","background-image":"","background-repeat":"repeat","background-position":"center center","background-size":"auto","background-attachment":"scroll","background-type":"","background-media":"","overlay-type":"","overlay-color":"","overlay-opacity":"","overlay-gradient":""},"tablet":{"background-color":"var(--ast-global-color-5)","background-image":"","background-repeat":"repeat","background-position":"center center","background-size":"auto","background-attachment":"scroll","background-type":"","background-media":"","overlay-type":"","overlay-color":"","overlay-opacity":"","overlay-gradient":""},"mobile":{"background-color":"var(--ast-global-color-5)","background-image":"","background-repeat":"repeat","background-position":"center center","background-size":"auto","background-attachment":"scroll","background-type":"","background-media":"","overlay-type":"","overlay-color":"","overlay-opacity":"","overlay-gradient":""}},"footnotes":""},"class_list":["post-11851","page","type-page","status-publish","has-post-thumbnail","hentry"],"yoast_head":"<!-- This site is optimized with the Yoast SEO plugin v27.0 - https:\/\/yoast.com\/product\/yoast-seo-wordpress\/ -->\n<title>Freedom Bridge - Novi Sad 2022<\/title>\n<meta name=\"robots\" content=\"index, follow, max-snippet:-1, max-image-preview:large, max-video-preview:-1\" \/>\n<link rel=\"canonical\" href=\"https:\/\/novisad2022.rs\/en\/freedom-bridge\/\" \/>\n<meta property=\"og:locale\" content=\"en_US\" \/>\n<meta property=\"og:type\" content=\"article\" \/>\n<meta property=\"og:title\" content=\"Freedom Bridge - Novi Sad 2022\" \/>\n<meta property=\"og:description\" content=\"The Beginning of New. Now! Future of Europe 20 MAR \u2013 15 MAY Encouraging and involving children in creating better future of Europe through culture and art are the main goals of the programme arch. Some of the biggest programmes will deal with alternative models of education (The School of Future), encouragement to critical thinking [&hellip;]\" \/>\n<meta property=\"og:url\" content=\"https:\/\/novisad2022.rs\/en\/freedom-bridge\/\" \/>\n<meta property=\"og:site_name\" content=\"Novi Sad 2022\" \/>\n<meta property=\"article:modified_time\" content=\"2021-07-27T09:44:58+00:00\" \/>\n<meta property=\"og:image\" content=\"https:\/\/novisad2022.rs\/wp-content\/uploads\/2021\/06\/freedom-1.png\" \/>\n\t<meta property=\"og:image:width\" content=\"1920\" \/>\n\t<meta property=\"og:image:height\" content=\"1080\" \/>\n\t<meta property=\"og:image:type\" content=\"image\/png\" \/>\n<meta name=\"twitter:card\" content=\"summary_large_image\" \/>\n<meta name=\"twitter:label1\" content=\"Est. reading time\" \/>\n\t<meta name=\"twitter:data1\" content=\"3 minutes\" \/>\n<script type=\"application\/ld+json\" class=\"yoast-schema-graph\">{\"@context\":\"https:\/\/schema.org\",\"@graph\":[{\"@type\":\"WebPage\",\"@id\":\"https:\/\/novisad2022.rs\/en\/freedom-bridge\/\",\"url\":\"https:\/\/novisad2022.rs\/en\/freedom-bridge\/\",\"name\":\"Freedom Bridge - Novi Sad 2022\",\"isPartOf\":{\"@id\":\"https:\/\/novisad2022.rs\/en\/#website\"},\"primaryImageOfPage\":{\"@id\":\"https:\/\/novisad2022.rs\/en\/freedom-bridge\/#primaryimage\"},\"image\":{\"@id\":\"https:\/\/novisad2022.rs\/en\/freedom-bridge\/#primaryimage\"},\"thumbnailUrl\":\"https:\/\/novisad2022.rs\/wp-content\/uploads\/2021\/06\/freedom-1.png\",\"datePublished\":\"2021-06-29T08:44:25+00:00\",\"dateModified\":\"2021-07-27T09:44:58+00:00\",\"breadcrumb\":{\"@id\":\"https:\/\/novisad2022.rs\/en\/freedom-bridge\/#breadcrumb\"},\"inLanguage\":\"en-US\",\"potentialAction\":[{\"@type\":\"ReadAction\",\"target\":[\"https:\/\/novisad2022.rs\/en\/freedom-bridge\/\"]}]},{\"@type\":\"ImageObject\",\"inLanguage\":\"en-US\",\"@id\":\"https:\/\/novisad2022.rs\/en\/freedom-bridge\/#primaryimage\",\"url\":\"https:\/\/novisad2022.rs\/wp-content\/uploads\/2021\/06\/freedom-1.png\",\"contentUrl\":\"https:\/\/novisad2022.rs\/wp-content\/uploads\/2021\/06\/freedom-1.png\",\"width\":1920,\"height\":1080},{\"@type\":\"BreadcrumbList\",\"@id\":\"https:\/\/novisad2022.rs\/en\/freedom-bridge\/#breadcrumb\",\"itemListElement\":[{\"@type\":\"ListItem\",\"position\":1,\"name\":\"\u041f\u043e\u0447\u0435\u0442\u043d\u0430\",\"item\":\"https:\/\/novisad2022.rs\/en\/home-page\/\"},{\"@type\":\"ListItem\",\"position\":2,\"name\":\"Freedom Bridge\"}]},{\"@type\":\"WebSite\",\"@id\":\"https:\/\/novisad2022.rs\/en\/#website\",\"url\":\"https:\/\/novisad2022.rs\/en\/\",\"name\":\"Novi Sad 2022\",\"description\":\"European Capital of Culture\",\"potentialAction\":[{\"@type\":\"SearchAction\",\"target\":{\"@type\":\"EntryPoint\",\"urlTemplate\":\"https:\/\/novisad2022.rs\/en\/?s={search_term_string}\"},\"query-input\":{\"@type\":\"PropertyValueSpecification\",\"valueRequired\":true,\"valueName\":\"search_term_string\"}}],\"inLanguage\":\"en-US\"}]}<\/script>\n<!-- \/ Yoast SEO plugin. -->","yoast_head_json":{"title":"Freedom Bridge - Novi Sad 2022","robots":{"index":"index","follow":"follow","max-snippet":"max-snippet:-1","max-image-preview":"max-image-preview:large","max-video-preview":"max-video-preview:-1"},"canonical":"https:\/\/novisad2022.rs\/en\/freedom-bridge\/","og_locale":"en_US","og_type":"article","og_title":"Freedom Bridge - Novi Sad 2022","og_description":"The Beginning of New. Now! Future of Europe 20 MAR \u2013 15 MAY Encouraging and involving children in creating better future of Europe through culture and art are the main goals of the programme arch. Some of the biggest programmes will deal with alternative models of education (The School of Future), encouragement to critical thinking [&hellip;]","og_url":"https:\/\/novisad2022.rs\/en\/freedom-bridge\/","og_site_name":"Novi Sad 2022","article_modified_time":"2021-07-27T09:44:58+00:00","og_image":[{"width":1920,"height":1080,"url":"https:\/\/novisad2022.rs\/wp-content\/uploads\/2021\/06\/freedom-1.png","type":"image\/png"}],"twitter_card":"summary_large_image","twitter_misc":{"Est. reading time":"3 minutes"},"schema":{"@context":"https:\/\/schema.org","@graph":[{"@type":"WebPage","@id":"https:\/\/novisad2022.rs\/en\/freedom-bridge\/","url":"https:\/\/novisad2022.rs\/en\/freedom-bridge\/","name":"Freedom Bridge - Novi Sad 2022","isPartOf":{"@id":"https:\/\/novisad2022.rs\/en\/#website"},"primaryImageOfPage":{"@id":"https:\/\/novisad2022.rs\/en\/freedom-bridge\/#primaryimage"},"image":{"@id":"https:\/\/novisad2022.rs\/en\/freedom-bridge\/#primaryimage"},"thumbnailUrl":"https:\/\/novisad2022.rs\/wp-content\/uploads\/2021\/06\/freedom-1.png","datePublished":"2021-06-29T08:44:25+00:00","dateModified":"2021-07-27T09:44:58+00:00","breadcrumb":{"@id":"https:\/\/novisad2022.rs\/en\/freedom-bridge\/#breadcrumb"},"inLanguage":"en-US","potentialAction":[{"@type":"ReadAction","target":["https:\/\/novisad2022.rs\/en\/freedom-bridge\/"]}]},{"@type":"ImageObject","inLanguage":"en-US","@id":"https:\/\/novisad2022.rs\/en\/freedom-bridge\/#primaryimage","url":"https:\/\/novisad2022.rs\/wp-content\/uploads\/2021\/06\/freedom-1.png","contentUrl":"https:\/\/novisad2022.rs\/wp-content\/uploads\/2021\/06\/freedom-1.png","width":1920,"height":1080},{"@type":"BreadcrumbList","@id":"https:\/\/novisad2022.rs\/en\/freedom-bridge\/#breadcrumb","itemListElement":[{"@type":"ListItem","position":1,"name":"\u041f\u043e\u0447\u0435\u0442\u043d\u0430","item":"https:\/\/novisad2022.rs\/en\/home-page\/"},{"@type":"ListItem","position":2,"name":"Freedom Bridge"}]},{"@type":"WebSite","@id":"https:\/\/novisad2022.rs\/en\/#website","url":"https:\/\/novisad2022.rs\/en\/","name":"Novi Sad 2022","description":"European Capital of Culture","potentialAction":[{"@type":"SearchAction","target":{"@type":"EntryPoint","urlTemplate":"https:\/\/novisad2022.rs\/en\/?s={search_term_string}"},"query-input":{"@type":"PropertyValueSpecification","valueRequired":true,"valueName":"search_term_string"}}],"inLanguage":"en-US"}]}},"_links":{"self":[{"href":"https:\/\/novisad2022.rs\/en\/wp-json\/wp\/v2\/pages\/11851","targetHints":{"allow":["GET"]}}],"collection":[{"href":"https:\/\/novisad2022.rs\/en\/wp-json\/wp\/v2\/pages"}],"about":[{"href":"https:\/\/novisad2022.rs\/en\/wp-json\/wp\/v2\/types\/page"}],"author":[{"embeddable":true,"href":"https:\/\/novisad2022.rs\/en\/wp-json\/wp\/v2\/users\/8"}],"replies":[{"embeddable":true,"href":"https:\/\/novisad2022.rs\/en\/wp-json\/wp\/v2\/comments?post=11851"}],"version-history":[{"count":14,"href":"https:\/\/novisad2022.rs\/en\/wp-json\/wp\/v2\/pages\/11851\/revisions"}],"predecessor-version":[{"id":13642,"href":"https:\/\/novisad2022.rs\/en\/wp-json\/wp\/v2\/pages\/11851\/revisions\/13642"}],"wp:featuredmedia":[{"embeddable":true,"href":"https:\/\/novisad2022.rs\/en\/wp-json\/wp\/v2\/media\/11903"}],"wp:attachment":[{"href":"https:\/\/novisad2022.rs\/en\/wp-json\/wp\/v2\/media?parent=11851"}],"curies":[{"name":"wp","href":"https:\/\/api.w.org\/{rel}","templated":true}]}}