{"id":12538,"date":"2021-07-01T10:24:26","date_gmt":"2021-07-01T10:24:26","guid":{"rendered":"https:\/\/novisad2022.rs\/?page_id=12538"},"modified":"2022-11-29T16:05:59","modified_gmt":"2022-11-29T15:05:59","slug":"freedom-bridge-mob","status":"publish","type":"page","link":"https:\/\/novisad2022.rs\/en\/freedom-bridge-mob\/","title":{"rendered":"Freedom Bridge-mob"},"content":{"rendered":"<div data-elementor-type=\"wp-page\" data-elementor-id=\"12538\" class=\"elementor elementor-12538\" data-elementor-post-type=\"page\">\r\n\t\t\t\t\t\t<section class=\"elementor-section elementor-top-section elementor-element elementor-element-f270e5f elementor-section-boxed elementor-section-height-default elementor-section-height-default\" data-id=\"f270e5f\" data-element_type=\"section\" data-e-type=\"section\">\r\n\t\t\t\t\t\t<div class=\"elementor-container elementor-column-gap-default\">\r\n\t\t\t\t\t<div class=\"elementor-column elementor-col-100 elementor-top-column elementor-element elementor-element-8137915\" data-id=\"8137915\" data-element_type=\"column\" data-e-type=\"column\">\r\n\t\t\t<div class=\"elementor-widget-wrap elementor-element-populated\">\r\n\t\t\t\t\t\t<div class=\"elementor-element elementor-element-b120dd5 elementor-widget elementor-widget-heading\" data-id=\"b120dd5\" data-element_type=\"widget\" data-e-type=\"widget\" data-widget_type=\"heading.default\">\r\n\t\t\t\t<div class=\"elementor-widget-container\">\r\n\t\t\t\t\t<h2 class=\"elementor-heading-title elementor-size-default\">The Beginning of New. Now!<\/h2>\t\t\t\t<\/div>\r\n\t\t\t\t<\/div>\r\n\t\t\t\t<section class=\"elementor-section elementor-inner-section elementor-element elementor-element-10dc6a9 elementor-section-boxed elementor-section-height-default elementor-section-height-default\" data-id=\"10dc6a9\" data-element_type=\"section\" data-e-type=\"section\">\r\n\t\t\t\t\t\t<div class=\"elementor-container elementor-column-gap-default\">\r\n\t\t\t\t\t<div class=\"elementor-column elementor-col-100 elementor-inner-column elementor-element elementor-element-ab04f0a\" data-id=\"ab04f0a\" data-element_type=\"column\" data-e-type=\"column\" data-settings=\"{&quot;background_background&quot;:&quot;classic&quot;}\">\r\n\t\t\t<div class=\"elementor-widget-wrap elementor-element-populated\">\r\n\t\t\t\t\t\t<div class=\"elementor-element elementor-element-bb815e7 elementor-widget elementor-widget-button\" data-id=\"bb815e7\" data-element_type=\"widget\" data-e-type=\"widget\" data-widget_type=\"button.default\">\r\n\t\t\t\t<div class=\"elementor-widget-container\">\r\n\t\t\t\t\t\t\t\t\t<div class=\"elementor-button-wrapper\">\r\n\t\t\t\t\t<a class=\"elementor-button elementor-button-link elementor-size-sm\" href=\"https:\/\/kalendar.novisad2022.rs\/en\/future-of-europe\/\">\r\n\t\t\t\t\t\t<span class=\"elementor-button-content-wrapper\">\r\n\t\t\t\t\t\t<span class=\"elementor-button-icon\">\r\n\t\t\t\t<i aria-hidden=\"true\" class=\"fas fa-chevron-right\"><\/i>\t\t\t<\/span>\r\n\t\t\t\t\t\t\t\t\t<span class=\"elementor-button-text\">Future of Europe<\/span>\r\n\t\t\t\t\t<\/span>\r\n\t\t\t\t\t<\/a>\r\n\t\t\t\t<\/div>\r\n\t\t\t\t\t\t\t\t<\/div>\r\n\t\t\t\t<\/div>\r\n\t\t\t\t\t<\/div>\r\n\t\t<\/div>\r\n\t\t\t\t\t<\/div>\r\n\t\t<\/section>\r\n\t\t\t\t<div class=\"elementor-element elementor-element-f428c37 elementor-widget elementor-widget-text-editor\" data-id=\"f428c37\" data-element_type=\"widget\" data-e-type=\"widget\" data-widget_type=\"text-editor.default\">\r\n\t\t\t\t<div class=\"elementor-widget-container\">\r\n\t\t\t\t\t\t\t\t\t<p><strong><span style=\"font-size: 18pt;\">4 APRIL \u2013 15 MAY 2022<\/span><\/strong><\/p><p><span style=\"font-size: 14pt;\"><strong>CULTURE IN UPBRINGING AND EDUCATION<\/strong><\/span><\/p><p>Encouraging and involving children in creating better future of Europe through culture and art are the main goals of the programme arch.<\/p><p>Some of the biggest programmes will deal with alternative models of education (The School of Future), encouragement to critical thinking about social topics (The Flags of Future), modern reading of traditional narratives (The Fairy Tales of Future) and other topics. Children and young people, as a basis for a better future of Europe, are encouraged to think critically, as well as to take an active part in social issues.<\/p><p>Just some of the performers and the programmes you will have the opportunity to see as part the Future of Europe programme arch: <strong>Dublin Theatre Festival<\/strong>, the oldest European theatre festival in Ireland; <strong>Alfa Theatre<\/strong> from the Czech Republic with the play \u2018Three Musketeers&#8217;, which is the most internationally successful Czech theater play year after year, as evidenced by the many awards it received, as well as invitations to play in more than 35 countries on three continents; <strong>Kokan Mladenovi\u0107<\/strong>; <strong>Yasserstein<\/strong>; <strong>Karmina \u0160ilec<\/strong>, conductor and director-author, who developed the unique artistic concept of \u2018Choregie\u2019 and brought originality and a breath of fresh air to the world of music and theatre; <strong>Panda van Proosdij<\/strong>, who in 2014 created the choreography of the award-winning programme \u2018Aarhus Pigekor\u2019 during the World Choir Games in Riga, while in 2015 this choir won the Silver Rose in Munich with its latest programme \u2018Let the People Sing\u2019; <strong>Stephan Luttermann<\/strong>, artistic director, who launched the first European choir festival, Sing We And Chant It, in 2010, bringing together children&#8217;s and youth choirs from Sweden, Hungary and Germany.<\/p><p><strong>You can view the programme book of the Future of Europe <a href=\"https:\/\/novisad2022.rs\/wp-content\/uploads\/2021\/12\/book_3_freedom.pdf\">here<\/a>, and the calendar of all events <a href=\"https:\/\/kalendar.novisad2022.rs\/en\/future-of-europe\/\">here<\/a>.<\/strong><\/p><p>\u00a0<\/p><p><span style=\"font-size: 14pt;\"><strong>PROGRAMME UNITS<\/strong><\/span><\/p><p style=\"text-align: left;\"><span style=\"font-size: 12pt;\"><a href=\"https:\/\/kalendar.novisad2022.rs\/en\/schools-of-the-future\/\"><strong>SCHOOLS OF THE FUTURE<\/strong><\/a><\/span><\/p><p>Questioning the system of formal education and promoting the alternative models of education through art, play and creation.<\/p><p style=\"text-align: left;\"><span style=\"font-size: 12pt;\"><a href=\"https:\/\/kalendar.novisad2022.rs\/en\/flags-of-the-future\/\"><strong>FLAGS OF THE FUTURE<\/strong><\/a><\/span><\/p><p>Encouraging critical communication and artistic thinking in children and youth regarding current social issues.<\/p><p style=\"text-align: left;\"><span style=\"font-size: 12pt;\"><a href=\"https:\/\/kalendar.novisad2022.rs\/en\/fairy-tales-of-the-future\/\"><strong>FAIRY TALES OF THE FUTURE<\/strong><\/a><\/span><\/p><p>New readings of traditional fairy tales and creating new stories, as an expression of contemporary generations and their needs.<\/p><p><div class=\"ast-oembed-container\" style=\"height: 100%;\"><iframe title=\"\u0410\u043b\u0435\u043a\u0441\u0430\u043d\u0434\u0440\u0430 \u041c\u0430\u043d\u043e\u0458\u043b\u043e\u0432\u0438\u045b, \u043a\u043e\u043e\u0440\u0434\u0438\u043d\u0430\u0442\u043e\u0440\u043a\u0430 \u043f\u0440\u043e\u0433\u0440\u0430\u043c\u0441\u043a\u043e\u0433 \u043b\u0443\u043a\u0430 \u201e\u0411\u0443\u0434\u0443\u045b\u043d\u043e\u0441\u0442 \u0415\u0432\u0440\u043e\u043f\u0435\u201d\" width=\"500\" height=\"281\" src=\"https:\/\/www.youtube.com\/embed\/O6CABCZmiNA?feature=oembed\" frameborder=\"0\" allow=\"accelerometer; autoplay; clipboard-write; encrypted-media; gyroscope; picture-in-picture; web-share\" referrerpolicy=\"strict-origin-when-cross-origin\" allowfullscreen><\/iframe><\/div><\/p>\t\t\t\t\t\t\t\t<\/div>\r\n\t\t\t\t<\/div>\r\n\t\t\t\t<section class=\"elementor-section elementor-inner-section elementor-element elementor-element-4acc937 elementor-section-boxed elementor-section-height-default elementor-section-height-default\" data-id=\"4acc937\" data-element_type=\"section\" data-e-type=\"section\">\r\n\t\t\t\t\t\t<div class=\"elementor-container elementor-column-gap-default\">\r\n\t\t\t\t\t<div class=\"elementor-column elementor-col-100 elementor-inner-column elementor-element elementor-element-927d7ee\" data-id=\"927d7ee\" data-element_type=\"column\" data-e-type=\"column\" data-settings=\"{&quot;background_background&quot;:&quot;classic&quot;}\">\r\n\t\t\t<div class=\"elementor-widget-wrap elementor-element-populated\">\r\n\t\t\t\t\t\t<div class=\"elementor-element elementor-element-9229d29 elementor-widget elementor-widget-button\" data-id=\"9229d29\" data-element_type=\"widget\" data-e-type=\"widget\" data-widget_type=\"button.default\">\r\n\t\t\t\t<div class=\"elementor-widget-container\">\r\n\t\t\t\t\t\t\t\t\t<div class=\"elementor-button-wrapper\">\r\n\t\t\t\t\t<a class=\"elementor-button elementor-button-link elementor-size-sm\" href=\"https:\/\/kalendar.novisad2022.rs\/en\/events-calendar-heroines\/\" target=\"_blank\">\r\n\t\t\t\t\t\t<span class=\"elementor-button-content-wrapper\">\r\n\t\t\t\t\t\t<span class=\"elementor-button-icon\">\r\n\t\t\t\t<i aria-hidden=\"true\" class=\"fas fa-chevron-right\"><\/i>\t\t\t<\/span>\r\n\t\t\t\t\t\t\t\t\t<span class=\"elementor-button-text\">Heroines<\/span>\r\n\t\t\t\t\t<\/span>\r\n\t\t\t\t\t<\/a>\r\n\t\t\t\t<\/div>\r\n\t\t\t\t\t\t\t\t<\/div>\r\n\t\t\t\t<\/div>\r\n\t\t\t\t\t<\/div>\r\n\t\t<\/div>\r\n\t\t\t\t\t<\/div>\r\n\t\t<\/section>\r\n\t\t\t\t\t<\/div>\r\n\t\t<\/div>\r\n\t\t\t\t\t<\/div>\r\n\t\t<\/section>\r\n\t\t\t\t<section class=\"elementor-section elementor-top-section elementor-element elementor-element-26a213d elementor-section-boxed elementor-section-height-default elementor-section-height-default\" data-id=\"26a213d\" data-element_type=\"section\" data-e-type=\"section\">\r\n\t\t\t\t\t\t<div class=\"elementor-container elementor-column-gap-default\">\r\n\t\t\t\t\t<div class=\"elementor-column elementor-col-100 elementor-top-column elementor-element elementor-element-2d09cc5\" data-id=\"2d09cc5\" data-element_type=\"column\" data-e-type=\"column\">\r\n\t\t\t<div class=\"elementor-widget-wrap elementor-element-populated\">\r\n\t\t\t\t\t\t<div class=\"elementor-element elementor-element-02c1c21 elementor-widget elementor-widget-text-editor\" data-id=\"02c1c21\" data-element_type=\"widget\" data-e-type=\"widget\" data-widget_type=\"text-editor.default\">\r\n\t\t\t\t<div class=\"elementor-widget-container\">\r\n\t\t\t\t\t\t\t\t\t<p><span style=\"font-size: 18pt;\"><strong>18 MAY \u2013 12 JUN<\/strong><\/span><\/p><p><strong><span style=\"font-size: 14pt;\">THE POWER OF FEMALE CREATIVITY<\/span><\/strong><\/p><p>By presenting women\u2019s culture, art and creativity and reassessing women\u2019s historical heritage, we are striving to create a gender-equal society.<\/p><p>Heroines are dedicated to our most distinguished scientists, artists, patronesses, activists, and other women who changed the world. Mileva Mari\u0107 Einstein, Marija Trandafil, Milica Stojadinovi\u0107 Srpkinja, and Milica Tomi\u0107 are some of the important figures of national history and culture who inspired exhibitions, plays, concerts, and other events we can expect within this programme arch.<\/p><p>Women have played key roles in the history of Novi Sad and what this city is today. That is why the Heroines programme arch deals with women\u2019s creativity, encouraging and promoting women\u2019s culture, art, and inventiveness. This arch promotes women\u2019s historical heritage for the sake of a more equal society.<\/p><p>Some of the heroines who will make Novi Sad the capital of women through various programmes are accordion heroine\u00a0<strong>Ne\u017ea Torkar<\/strong>, legendary heroine of performance\u00a0<strong>Katalin Ladik<\/strong>, heroine-director\u00a0<strong>Anica Tomi\u0107<\/strong>, gothic heroine\u00a0<strong>Tarja Turunen<\/strong>, classical music heroines \u2013 violinist\u00a0<strong>Simone Lamsma<\/strong>\u00a0and violist\u00a0<strong>Tabea Zimmermann<\/strong>, four heroines making up the band\u00a0<strong>Warpaint<\/strong>, regional heroines\u00a0<strong>Natali Dizdar<\/strong>\u00a0and\u00a0<strong>Kaliopi<\/strong>, the heroine of the Yugoslav theatre\u00a0<strong>Anica Dobra<\/strong>, and many others.<\/p><p>You can view the programme book of the heroine arch\u00a0<a href=\"https:\/\/novisad2022.rs\/wp-content\/uploads\/2021\/12\/book_3_freedom.pdf\"><strong>here<\/strong><\/a>, and the calendar of all events\u00a0<a href=\"https:\/\/kalendar.novisad2022.rs\/en\/events-calendar-heroines\/\"><strong>here<\/strong><\/a>.<\/p><p>\u00a0<\/p><p><strong><span style=\"font-size: 14pt;\">PROGRAMME UNITS<\/span><\/strong><\/p><p><strong>MATICA<\/strong><\/p><p>Woman as an inspiration and initiator in traditional art. Innovative presentation of cultural heritage, inspired by benefactress Marija Trandafil and other patrons.<\/p><p><a href=\"https:\/\/kalendar.novisad2022.rs\/en\/vila-en\/\"><strong>VILA<\/strong><\/a><\/p><p>A fairy-tale-like family gathering in nature dedicated to our Fru\u0161ka Gora fairy, poet Milica Stojadinovi\u0107 Srpkinja.<\/p><p><a href=\"https:\/\/kalendar.novisad2022.rs\/en\/mileva-en\/\"><strong>MILEVA<\/strong><\/a><\/p><p>The premiere of the play \u2018Mileva\u2019, whose author is one of the most influential regional directors, Anica Tomi\u0107, and in which as many as six local and regional playwrights joined their creative forces, reveals the character and work of scientist Mileva Mari\u0107 Einstein.<\/p><p><strong>MILICA<\/strong><\/p><p>A multidisciplinary approach to women\u2019s activism, inspired by the work of one of the first women to bring a spark of feminism to this area \u2013 Milica Tomi\u0107.<\/p><p><div class=\"ast-oembed-container\" style=\"height: 100%;\"><iframe title=\"\u041c\u0430\u0440\u0438\u043d\u0430 \u0421\u0430\u0432\u0438\u045b, \u043a\u043e\u043e\u0440\u0434\u0438\u043d\u0430\u0442\u043e\u0440\u043a\u0430 \u043f\u0440\u043e\u0433\u0440\u0430\u043c\u0441\u043a\u043e\u0433 \u043b\u0443\u043a\u0430 \u201e\u0425\u0435\u0440\u043e\u0438\u043d\u0435\u201d\" width=\"500\" height=\"281\" src=\"https:\/\/www.youtube.com\/embed\/S1ukWYPxMDM?feature=oembed\" frameborder=\"0\" allow=\"accelerometer; autoplay; clipboard-write; encrypted-media; gyroscope; picture-in-picture; web-share\" referrerpolicy=\"strict-origin-when-cross-origin\" allowfullscreen><\/iframe><\/div><\/p>\t\t\t\t\t\t\t\t<\/div>\r\n\t\t\t\t<\/div>\r\n\t\t\t\t\t<\/div>\r\n\t\t<\/div>\r\n\t\t\t\t\t<\/div>\r\n\t\t<\/section>\r\n\t\t\t\t<\/div>","protected":false},"excerpt":{"rendered":"<p>The Beginning of New. Now! Future of Europe 4 APRIL \u2013 15 MAY 2022 CULTURE IN UPBRINGING AND EDUCATION Encouraging and involving children in creating better future of Europe through culture and art are the main goals of the programme arch. Some of the biggest programmes will deal with alternative models of education (The School [&hellip;]<\/p>\n","protected":false},"author":6,"featured_media":11903,"parent":0,"menu_order":0,"comment_status":"closed","ping_status":"closed","template":"","meta":{"site-sidebar-layout":"no-sidebar","site-content-layout":"page-builder","ast-site-content-layout":"default","site-content-style":"default","site-sidebar-style":"default","ast-global-header-display":"","ast-banner-title-visibility":"","ast-main-header-display":"","ast-hfb-above-header-display":"","ast-hfb-below-header-display":"","ast-hfb-mobile-header-display":"","site-post-title":"disabled","ast-breadcrumbs-content":"","ast-featured-img":"disabled","footer-sml-layout":"","ast-disable-related-posts":"","theme-transparent-header-meta":"default","adv-header-id-meta":"","stick-header-meta":"","header-above-stick-meta":"","header-main-stick-meta":"","header-below-stick-meta":"","astra-migrate-meta-layouts":"default","ast-page-background-enabled":"default","ast-page-background-meta":{"desktop":{"background-color":"","background-image":"","background-repeat":"repeat","background-position":"center center","background-size":"auto","background-attachment":"scroll","background-type":"","background-media":"","overlay-type":"","overlay-color":"","overlay-opacity":"","overlay-gradient":""},"tablet":{"background-color":"","background-image":"","background-repeat":"repeat","background-position":"center center","background-size":"auto","background-attachment":"scroll","background-type":"","background-media":"","overlay-type":"","overlay-color":"","overlay-opacity":"","overlay-gradient":""},"mobile":{"background-color":"","background-image":"","background-repeat":"repeat","background-position":"center center","background-size":"auto","background-attachment":"scroll","background-type":"","background-media":"","overlay-type":"","overlay-color":"","overlay-opacity":"","overlay-gradient":""}},"ast-content-background-meta":{"desktop":{"background-color":"var(--ast-global-color-5)","background-image":"","background-repeat":"repeat","background-position":"center center","background-size":"auto","background-attachment":"scroll","background-type":"","background-media":"","overlay-type":"","overlay-color":"","overlay-opacity":"","overlay-gradient":""},"tablet":{"background-color":"var(--ast-global-color-5)","background-image":"","background-repeat":"repeat","background-position":"center center","background-size":"auto","background-attachment":"scroll","background-type":"","background-media":"","overlay-type":"","overlay-color":"","overlay-opacity":"","overlay-gradient":""},"mobile":{"background-color":"var(--ast-global-color-5)","background-image":"","background-repeat":"repeat","background-position":"center center","background-size":"auto","background-attachment":"scroll","background-type":"","background-media":"","overlay-type":"","overlay-color":"","overlay-opacity":"","overlay-gradient":""}},"footnotes":""},"class_list":["post-12538","page","type-page","status-publish","has-post-thumbnail","hentry"],"yoast_head":"<!-- This site is optimized with the Yoast SEO plugin v27.0 - https:\/\/yoast.com\/product\/yoast-seo-wordpress\/ -->\n<title>Freedom Bridge-mob - Novi Sad 2022<\/title>\n<meta name=\"robots\" content=\"index, follow, max-snippet:-1, max-image-preview:large, max-video-preview:-1\" \/>\n<link rel=\"canonical\" href=\"https:\/\/novisad2022.rs\/en\/freedom-bridge-mob\/\" \/>\n<meta property=\"og:locale\" content=\"en_US\" \/>\n<meta property=\"og:type\" content=\"article\" \/>\n<meta property=\"og:title\" content=\"Freedom Bridge-mob - Novi Sad 2022\" \/>\n<meta property=\"og:description\" content=\"The Beginning of New. Now! Future of Europe 4 APRIL \u2013 15 MAY 2022 CULTURE IN UPBRINGING AND EDUCATION Encouraging and involving children in creating better future of Europe through culture and art are the main goals of the programme arch. Some of the biggest programmes will deal with alternative models of education (The School [&hellip;]\" \/>\n<meta property=\"og:url\" content=\"https:\/\/novisad2022.rs\/en\/freedom-bridge-mob\/\" \/>\n<meta property=\"og:site_name\" content=\"Novi Sad 2022\" \/>\n<meta property=\"article:modified_time\" content=\"2022-11-29T15:05:59+00:00\" \/>\n<meta property=\"og:image\" content=\"https:\/\/novisad2022.rs\/wp-content\/uploads\/2021\/06\/freedom-1.png\" \/>\n\t<meta property=\"og:image:width\" content=\"1920\" \/>\n\t<meta property=\"og:image:height\" content=\"1080\" \/>\n\t<meta property=\"og:image:type\" content=\"image\/png\" \/>\n<meta name=\"twitter:card\" content=\"summary_large_image\" \/>\n<meta name=\"twitter:label1\" content=\"Est. reading time\" \/>\n\t<meta name=\"twitter:data1\" content=\"4 minutes\" \/>\n<script type=\"application\/ld+json\" class=\"yoast-schema-graph\">{\"@context\":\"https:\/\/schema.org\",\"@graph\":[{\"@type\":\"WebPage\",\"@id\":\"https:\/\/novisad2022.rs\/en\/freedom-bridge-mob\/\",\"url\":\"https:\/\/novisad2022.rs\/en\/freedom-bridge-mob\/\",\"name\":\"Freedom Bridge-mob - Novi Sad 2022\",\"isPartOf\":{\"@id\":\"https:\/\/novisad2022.rs\/en\/#website\"},\"primaryImageOfPage\":{\"@id\":\"https:\/\/novisad2022.rs\/en\/freedom-bridge-mob\/#primaryimage\"},\"image\":{\"@id\":\"https:\/\/novisad2022.rs\/en\/freedom-bridge-mob\/#primaryimage\"},\"thumbnailUrl\":\"https:\/\/novisad2022.rs\/wp-content\/uploads\/2021\/06\/freedom-1.png\",\"datePublished\":\"2021-07-01T10:24:26+00:00\",\"dateModified\":\"2022-11-29T15:05:59+00:00\",\"breadcrumb\":{\"@id\":\"https:\/\/novisad2022.rs\/en\/freedom-bridge-mob\/#breadcrumb\"},\"inLanguage\":\"en-US\",\"potentialAction\":[{\"@type\":\"ReadAction\",\"target\":[\"https:\/\/novisad2022.rs\/en\/freedom-bridge-mob\/\"]}]},{\"@type\":\"ImageObject\",\"inLanguage\":\"en-US\",\"@id\":\"https:\/\/novisad2022.rs\/en\/freedom-bridge-mob\/#primaryimage\",\"url\":\"https:\/\/novisad2022.rs\/wp-content\/uploads\/2021\/06\/freedom-1.png\",\"contentUrl\":\"https:\/\/novisad2022.rs\/wp-content\/uploads\/2021\/06\/freedom-1.png\",\"width\":1920,\"height\":1080},{\"@type\":\"BreadcrumbList\",\"@id\":\"https:\/\/novisad2022.rs\/en\/freedom-bridge-mob\/#breadcrumb\",\"itemListElement\":[{\"@type\":\"ListItem\",\"position\":1,\"name\":\"\u041f\u043e\u0447\u0435\u0442\u043d\u0430\",\"item\":\"https:\/\/novisad2022.rs\/en\/home-page\/\"},{\"@type\":\"ListItem\",\"position\":2,\"name\":\"Freedom Bridge-mob\"}]},{\"@type\":\"WebSite\",\"@id\":\"https:\/\/novisad2022.rs\/en\/#website\",\"url\":\"https:\/\/novisad2022.rs\/en\/\",\"name\":\"Novi Sad 2022\",\"description\":\"European Capital of Culture\",\"potentialAction\":[{\"@type\":\"SearchAction\",\"target\":{\"@type\":\"EntryPoint\",\"urlTemplate\":\"https:\/\/novisad2022.rs\/en\/?s={search_term_string}\"},\"query-input\":{\"@type\":\"PropertyValueSpecification\",\"valueRequired\":true,\"valueName\":\"search_term_string\"}}],\"inLanguage\":\"en-US\"}]}<\/script>\n<!-- \/ Yoast SEO plugin. -->","yoast_head_json":{"title":"Freedom Bridge-mob - Novi Sad 2022","robots":{"index":"index","follow":"follow","max-snippet":"max-snippet:-1","max-image-preview":"max-image-preview:large","max-video-preview":"max-video-preview:-1"},"canonical":"https:\/\/novisad2022.rs\/en\/freedom-bridge-mob\/","og_locale":"en_US","og_type":"article","og_title":"Freedom Bridge-mob - Novi Sad 2022","og_description":"The Beginning of New. Now! Future of Europe 4 APRIL \u2013 15 MAY 2022 CULTURE IN UPBRINGING AND EDUCATION Encouraging and involving children in creating better future of Europe through culture and art are the main goals of the programme arch. Some of the biggest programmes will deal with alternative models of education (The School [&hellip;]","og_url":"https:\/\/novisad2022.rs\/en\/freedom-bridge-mob\/","og_site_name":"Novi Sad 2022","article_modified_time":"2022-11-29T15:05:59+00:00","og_image":[{"width":1920,"height":1080,"url":"https:\/\/novisad2022.rs\/wp-content\/uploads\/2021\/06\/freedom-1.png","type":"image\/png"}],"twitter_card":"summary_large_image","twitter_misc":{"Est. reading time":"4 minutes"},"schema":{"@context":"https:\/\/schema.org","@graph":[{"@type":"WebPage","@id":"https:\/\/novisad2022.rs\/en\/freedom-bridge-mob\/","url":"https:\/\/novisad2022.rs\/en\/freedom-bridge-mob\/","name":"Freedom Bridge-mob - Novi Sad 2022","isPartOf":{"@id":"https:\/\/novisad2022.rs\/en\/#website"},"primaryImageOfPage":{"@id":"https:\/\/novisad2022.rs\/en\/freedom-bridge-mob\/#primaryimage"},"image":{"@id":"https:\/\/novisad2022.rs\/en\/freedom-bridge-mob\/#primaryimage"},"thumbnailUrl":"https:\/\/novisad2022.rs\/wp-content\/uploads\/2021\/06\/freedom-1.png","datePublished":"2021-07-01T10:24:26+00:00","dateModified":"2022-11-29T15:05:59+00:00","breadcrumb":{"@id":"https:\/\/novisad2022.rs\/en\/freedom-bridge-mob\/#breadcrumb"},"inLanguage":"en-US","potentialAction":[{"@type":"ReadAction","target":["https:\/\/novisad2022.rs\/en\/freedom-bridge-mob\/"]}]},{"@type":"ImageObject","inLanguage":"en-US","@id":"https:\/\/novisad2022.rs\/en\/freedom-bridge-mob\/#primaryimage","url":"https:\/\/novisad2022.rs\/wp-content\/uploads\/2021\/06\/freedom-1.png","contentUrl":"https:\/\/novisad2022.rs\/wp-content\/uploads\/2021\/06\/freedom-1.png","width":1920,"height":1080},{"@type":"BreadcrumbList","@id":"https:\/\/novisad2022.rs\/en\/freedom-bridge-mob\/#breadcrumb","itemListElement":[{"@type":"ListItem","position":1,"name":"\u041f\u043e\u0447\u0435\u0442\u043d\u0430","item":"https:\/\/novisad2022.rs\/en\/home-page\/"},{"@type":"ListItem","position":2,"name":"Freedom Bridge-mob"}]},{"@type":"WebSite","@id":"https:\/\/novisad2022.rs\/en\/#website","url":"https:\/\/novisad2022.rs\/en\/","name":"Novi Sad 2022","description":"European Capital of Culture","potentialAction":[{"@type":"SearchAction","target":{"@type":"EntryPoint","urlTemplate":"https:\/\/novisad2022.rs\/en\/?s={search_term_string}"},"query-input":{"@type":"PropertyValueSpecification","valueRequired":true,"valueName":"search_term_string"}}],"inLanguage":"en-US"}]}},"_links":{"self":[{"href":"https:\/\/novisad2022.rs\/en\/wp-json\/wp\/v2\/pages\/12538","targetHints":{"allow":["GET"]}}],"collection":[{"href":"https:\/\/novisad2022.rs\/en\/wp-json\/wp\/v2\/pages"}],"about":[{"href":"https:\/\/novisad2022.rs\/en\/wp-json\/wp\/v2\/types\/page"}],"author":[{"embeddable":true,"href":"https:\/\/novisad2022.rs\/en\/wp-json\/wp\/v2\/users\/6"}],"replies":[{"embeddable":true,"href":"https:\/\/novisad2022.rs\/en\/wp-json\/wp\/v2\/comments?post=12538"}],"version-history":[{"count":46,"href":"https:\/\/novisad2022.rs\/en\/wp-json\/wp\/v2\/pages\/12538\/revisions"}],"predecessor-version":[{"id":29672,"href":"https:\/\/novisad2022.rs\/en\/wp-json\/wp\/v2\/pages\/12538\/revisions\/29672"}],"wp:featuredmedia":[{"embeddable":true,"href":"https:\/\/novisad2022.rs\/en\/wp-json\/wp\/v2\/media\/11903"}],"wp:attachment":[{"href":"https:\/\/novisad2022.rs\/en\/wp-json\/wp\/v2\/media?parent=12538"}],"curies":[{"name":"wp","href":"https:\/\/api.w.org\/{rel}","templated":true}]}}