{"id":13775,"date":"2021-07-28T11:17:20","date_gmt":"2021-07-28T09:17:20","guid":{"rendered":"https:\/\/novisad2022.rs\/?page_id=13775"},"modified":"2022-11-29T15:24:37","modified_gmt":"2022-11-29T14:24:37","slug":"heroines","status":"publish","type":"page","link":"https:\/\/novisad2022.rs\/en\/heroines\/","title":{"rendered":"18 MAY \u2013 12 JUN 2022"},"content":{"rendered":"<div data-elementor-type=\"wp-page\" data-elementor-id=\"13775\" class=\"elementor elementor-13775\" data-elementor-post-type=\"page\">\r\n\t\t\t\t\t\t<section class=\"elementor-section elementor-top-section elementor-element elementor-element-bb81080 elementor-section-boxed elementor-section-height-default elementor-section-height-default\" data-id=\"bb81080\" data-element_type=\"section\" data-e-type=\"section\">\r\n\t\t\t\t\t\t<div class=\"elementor-container elementor-column-gap-default\">\r\n\t\t\t\t\t<div class=\"elementor-column elementor-col-100 elementor-top-column elementor-element elementor-element-4f25678\" data-id=\"4f25678\" data-element_type=\"column\" data-e-type=\"column\">\r\n\t\t\t<div class=\"elementor-widget-wrap elementor-element-populated\">\r\n\t\t\t\t\t\t<div class=\"elementor-element elementor-element-066f7de elementor-widget elementor-widget-image\" data-id=\"066f7de\" data-element_type=\"widget\" data-e-type=\"widget\" data-widget_type=\"image.default\">\r\n\t\t\t\t<div class=\"elementor-widget-container\">\r\n\t\t\t\t\t\t\t\t\t\t\t\t\t\t\t<img decoding=\"async\" width=\"300\" height=\"158\" src=\"https:\/\/novisad2022.rs\/wp-content\/uploads\/2021\/10\/logotipi-lukova-za-sajt-04-300x158.png\" class=\"attachment-medium size-medium wp-image-15675\" alt=\"\" srcset=\"https:\/\/novisad2022.rs\/wp-content\/uploads\/2021\/10\/logotipi-lukova-za-sajt-04-300x158.png 300w, https:\/\/novisad2022.rs\/wp-content\/uploads\/2021\/10\/logotipi-lukova-za-sajt-04-1024x538.png 1024w, https:\/\/novisad2022.rs\/wp-content\/uploads\/2021\/10\/logotipi-lukova-za-sajt-04-768x403.png 768w, https:\/\/novisad2022.rs\/wp-content\/uploads\/2021\/10\/logotipi-lukova-za-sajt-04.png 1200w\" sizes=\"(max-width: 300px) 100vw, 300px\" \/>\t\t\t\t\t\t\t\t\t\t\t\t\t\t\t<\/div>\r\n\t\t\t\t<\/div>\r\n\t\t\t\t\t<\/div>\r\n\t\t<\/div>\r\n\t\t\t\t\t<\/div>\r\n\t\t<\/section>\r\n\t\t\t\t<section class=\"elementor-section elementor-top-section elementor-element elementor-element-d5064e6 elementor-section-boxed elementor-section-height-default elementor-section-height-default\" data-id=\"d5064e6\" data-element_type=\"section\" data-e-type=\"section\">\r\n\t\t\t\t\t\t<div class=\"elementor-container elementor-column-gap-default\">\r\n\t\t\t\t\t<div class=\"elementor-column elementor-col-100 elementor-top-column elementor-element elementor-element-e6800bf\" data-id=\"e6800bf\" data-element_type=\"column\" data-e-type=\"column\">\r\n\t\t\t<div class=\"elementor-widget-wrap elementor-element-populated\">\r\n\t\t\t\t\t\t<div class=\"elementor-element elementor-element-40178ce elementor-widget elementor-widget-text-editor\" data-id=\"40178ce\" data-element_type=\"widget\" data-e-type=\"widget\" data-widget_type=\"text-editor.default\">\r\n\t\t\t\t<div class=\"elementor-widget-container\">\r\n\t\t\t\t\t\t\t\t\t<h2>\u00a0<\/h2><h2>THE POWER OF FEMALE CREATIVITY<\/h2><p>By presenting women&#8217;s culture, art and creativity and reassessing women&#8217;s historical heritage, we are striving to create a gender-equal society.<\/p><p>Heroines are dedicated to our most distinguished scientists, artists, patronesses, activists, and other women who changed the world. Mileva Mari\u0107 Einstein, Marija Trandafil, Milica Stojadinovi\u0107 Srpkinja, and Milica Tomi\u0107 are some of the important figures of national history and culture who inspired exhibitions, plays, concerts, and other events we can expect within this programme arch.<\/p><p>Women have played key roles in the history of Novi Sad and what this city is today. That is why the Heroines programme arch deals with women&#8217;s creativity, encouraging and promoting women&#8217;s culture, art, and inventiveness. This arch promotes women&#8217;s historical heritage for the sake of a more equal society.<\/p><p>Some of the heroines who will make Novi Sad the capital of women through various programmes are accordion heroine <strong>Ne\u017ea Torkar<\/strong>, legendary heroine of performance <strong>Katalin Ladik<\/strong>, heroine-director <strong>Anica Tomi\u0107<\/strong>, gothic heroine <strong>Tarja Turunen<\/strong>, classical music heroines \u2013 violinist <strong>Simone Lamsma<\/strong> and violist <strong>Tabea Zimmermann<\/strong>, four heroines making up the band <strong>Warpaint<\/strong>, regional heroines <strong>Natali Dizdar<\/strong> and <strong>Kaliopi<\/strong>, the heroine of the Yugoslav theatre <strong>Anica Dobra<\/strong>, and many others.<\/p><p>You can view the programme book of the heroine arch <a href=\"https:\/\/novisad2022.rs\/wp-content\/uploads\/2021\/12\/book_3_freedom.pdf\"><strong>here<\/strong><\/a>, and the calendar of all events <a href=\"https:\/\/kalendar.novisad2022.rs\/en\/events-calendar-heroines\/\"><strong>here<\/strong><\/a>.<\/p><p>\u00a0<\/p>\t\t\t\t\t\t\t\t<\/div>\r\n\t\t\t\t<\/div>\r\n\t\t\t\t\t<\/div>\r\n\t\t<\/div>\r\n\t\t\t\t\t<\/div>\r\n\t\t<\/section>\r\n\t\t\t\t<section class=\"elementor-section elementor-top-section elementor-element elementor-element-5cbf8ab elementor-section-boxed elementor-section-height-default elementor-section-height-default\" data-id=\"5cbf8ab\" data-element_type=\"section\" data-e-type=\"section\">\r\n\t\t\t\t\t\t<div class=\"elementor-container elementor-column-gap-default\">\r\n\t\t\t\t\t<div class=\"elementor-column elementor-col-100 elementor-top-column elementor-element elementor-element-fde49a4\" data-id=\"fde49a4\" data-element_type=\"column\" data-e-type=\"column\">\r\n\t\t\t<div class=\"elementor-widget-wrap elementor-element-populated\">\r\n\t\t\t\t\t\t<div class=\"elementor-element elementor-element-9e96167 elementor-widget elementor-widget-text-editor\" data-id=\"9e96167\" data-element_type=\"widget\" data-e-type=\"widget\" data-widget_type=\"text-editor.default\">\r\n\t\t\t\t<div class=\"elementor-widget-container\">\r\n\t\t\t\t\t\t\t\t\t<h2 style=\"text-align: center;\">PROGRAMME UNITS<\/h2>\t\t\t\t\t\t\t\t<\/div>\r\n\t\t\t\t<\/div>\r\n\t\t\t\t\t<\/div>\r\n\t\t<\/div>\r\n\t\t\t\t\t<\/div>\r\n\t\t<\/section>\r\n\t\t\t\t<section class=\"elementor-section elementor-top-section elementor-element elementor-element-ff73893 elementor-section-boxed elementor-section-height-default elementor-section-height-default\" data-id=\"ff73893\" data-element_type=\"section\" data-e-type=\"section\">\r\n\t\t\t\t\t\t<div class=\"elementor-container elementor-column-gap-default\">\r\n\t\t\t\t\t<div class=\"elementor-column elementor-col-100 elementor-top-column elementor-element elementor-element-218cde8\" data-id=\"218cde8\" data-element_type=\"column\" data-e-type=\"column\">\r\n\t\t\t<div class=\"elementor-widget-wrap elementor-element-populated\">\r\n\t\t\t\t\t\t<section class=\"elementor-section elementor-inner-section elementor-element elementor-element-7a79554 elementor-section-boxed elementor-section-height-default elementor-section-height-default\" data-id=\"7a79554\" data-element_type=\"section\" data-e-type=\"section\">\r\n\t\t\t\t\t\t<div class=\"elementor-container elementor-column-gap-default\">\r\n\t\t\t\t\t<div class=\"elementor-column elementor-col-50 elementor-inner-column elementor-element elementor-element-edf29b6\" data-id=\"edf29b6\" data-element_type=\"column\" data-e-type=\"column\">\r\n\t\t\t<div class=\"elementor-widget-wrap elementor-element-populated\">\r\n\t\t\t\t\t\t<div class=\"elementor-element elementor-element-2d8d056 elementor-widget elementor-widget-text-editor\" data-id=\"2d8d056\" data-element_type=\"widget\" data-e-type=\"widget\" data-widget_type=\"text-editor.default\">\r\n\t\t\t\t<div class=\"elementor-widget-container\">\r\n\t\t\t\t\t\t\t\t\t<p style=\"text-align: center;\"><strong><span style=\"font-size: 14pt;\">MATICA<\/span><\/strong><\/p><p>Woman as an inspiration and initiator in traditional art. Innovative presentation of cultural heritage, inspired by benefactress Marija Trandafil and other patrons.<\/p>\t\t\t\t\t\t\t\t<\/div>\r\n\t\t\t\t<\/div>\r\n\t\t\t\t\t<\/div>\r\n\t\t<\/div>\r\n\t\t\t\t<div class=\"elementor-column elementor-col-50 elementor-inner-column elementor-element elementor-element-d8d7709\" data-id=\"d8d7709\" data-element_type=\"column\" data-e-type=\"column\">\r\n\t\t\t<div class=\"elementor-widget-wrap elementor-element-populated\">\r\n\t\t\t\t\t\t<div class=\"elementor-element elementor-element-61531a3 elementor-widget elementor-widget-text-editor\" data-id=\"61531a3\" data-element_type=\"widget\" data-e-type=\"widget\" data-widget_type=\"text-editor.default\">\r\n\t\t\t\t<div class=\"elementor-widget-container\">\r\n\t\t\t\t\t\t\t\t\t<p style=\"text-align: center;\"><a href=\"https:\/\/kalendar.novisad2022.rs\/en\/mileva-en\/\"><strong><span style=\"font-size: 14pt;\">MILEVA<\/span><\/strong><\/a><\/p><p>The premiere of the play \u2018Mileva\u2019, whose author is one of the most influential regional directors, Anica Tomi\u0107, and in which as many as six local and regional playwrights joined their creative forces, reveals the character and work of scientist Mileva Mari\u0107 Einstein.<\/p>\t\t\t\t\t\t\t\t<\/div>\r\n\t\t\t\t<\/div>\r\n\t\t\t\t\t<\/div>\r\n\t\t<\/div>\r\n\t\t\t\t\t<\/div>\r\n\t\t<\/section>\r\n\t\t\t\t\t<\/div>\r\n\t\t<\/div>\r\n\t\t\t\t\t<\/div>\r\n\t\t<\/section>\r\n\t\t\t\t<section class=\"elementor-section elementor-top-section elementor-element elementor-element-5ae3c2d elementor-section-boxed elementor-section-height-default elementor-section-height-default\" data-id=\"5ae3c2d\" data-element_type=\"section\" data-e-type=\"section\">\r\n\t\t\t\t\t\t<div class=\"elementor-container elementor-column-gap-default\">\r\n\t\t\t\t\t<div class=\"elementor-column elementor-col-100 elementor-top-column elementor-element elementor-element-d1d4dea\" data-id=\"d1d4dea\" data-element_type=\"column\" data-e-type=\"column\">\r\n\t\t\t<div class=\"elementor-widget-wrap elementor-element-populated\">\r\n\t\t\t\t\t\t<section class=\"elementor-section elementor-inner-section elementor-element elementor-element-49dca98 elementor-section-boxed elementor-section-height-default elementor-section-height-default\" data-id=\"49dca98\" data-element_type=\"section\" data-e-type=\"section\">\r\n\t\t\t\t\t\t<div class=\"elementor-container elementor-column-gap-default\">\r\n\t\t\t\t\t<div class=\"elementor-column elementor-col-50 elementor-inner-column elementor-element elementor-element-c9f1fea\" data-id=\"c9f1fea\" data-element_type=\"column\" data-e-type=\"column\">\r\n\t\t\t<div class=\"elementor-widget-wrap elementor-element-populated\">\r\n\t\t\t\t\t\t<div class=\"elementor-element elementor-element-e3b7455 elementor-widget elementor-widget-text-editor\" data-id=\"e3b7455\" data-element_type=\"widget\" data-e-type=\"widget\" data-widget_type=\"text-editor.default\">\r\n\t\t\t\t<div class=\"elementor-widget-container\">\r\n\t\t\t\t\t\t\t\t\t<p style=\"text-align: center;\"><a href=\"https:\/\/kalendar.novisad2022.rs\/en\/vila-en\/\"><strong><span style=\"font-size: 14pt;\">VILA<\/span><\/strong><\/a><\/p><p>A fairy-tale-like family gathering in nature dedicated to our Fru\u0161ka Gora fairy, poet Milica Stojadinovi\u0107 Srpkinja.<\/p>\t\t\t\t\t\t\t\t<\/div>\r\n\t\t\t\t<\/div>\r\n\t\t\t\t\t<\/div>\r\n\t\t<\/div>\r\n\t\t\t\t<div class=\"elementor-column elementor-col-50 elementor-inner-column elementor-element elementor-element-53ef1da\" data-id=\"53ef1da\" data-element_type=\"column\" data-e-type=\"column\">\r\n\t\t\t<div class=\"elementor-widget-wrap elementor-element-populated\">\r\n\t\t\t\t\t\t<div class=\"elementor-element elementor-element-525ffda elementor-widget elementor-widget-text-editor\" data-id=\"525ffda\" data-element_type=\"widget\" data-e-type=\"widget\" data-widget_type=\"text-editor.default\">\r\n\t\t\t\t<div class=\"elementor-widget-container\">\r\n\t\t\t\t\t\t\t\t\t<p style=\"text-align: center;\"><strong><span style=\"font-size: 14pt;\">MILICA<\/span><\/strong><\/p><p>A multidisciplinary approach to women\u2019s activism, inspired by the work of one of the first women to bring a spark of feminism to this area \u2013 Milica Tomi\u0107.<\/p>\t\t\t\t\t\t\t\t<\/div>\r\n\t\t\t\t<\/div>\r\n\t\t\t\t\t<\/div>\r\n\t\t<\/div>\r\n\t\t\t\t\t<\/div>\r\n\t\t<\/section>\r\n\t\t\t\t\t<\/div>\r\n\t\t<\/div>\r\n\t\t\t\t\t<\/div>\r\n\t\t<\/section>\r\n\t\t\t\t<section class=\"elementor-section elementor-top-section elementor-element elementor-element-75fa078 elementor-section-boxed elementor-section-height-default elementor-section-height-default\" data-id=\"75fa078\" data-element_type=\"section\" data-e-type=\"section\">\r\n\t\t\t\t\t\t<div class=\"elementor-container elementor-column-gap-default\">\r\n\t\t\t\t\t<div class=\"elementor-column elementor-col-100 elementor-top-column elementor-element elementor-element-796594b\" data-id=\"796594b\" data-element_type=\"column\" data-e-type=\"column\">\r\n\t\t\t<div class=\"elementor-widget-wrap elementor-element-populated\">\r\n\t\t\t\t\t\t<div class=\"elementor-element elementor-element-159f643 elementor-widget elementor-widget-video\" data-id=\"159f643\" data-element_type=\"widget\" data-e-type=\"widget\" data-settings=\"{&quot;youtube_url&quot;:&quot;https:\\\/\\\/youtu.be\\\/S1ukWYPxMDM&quot;,&quot;video_type&quot;:&quot;youtube&quot;,&quot;controls&quot;:&quot;yes&quot;}\" data-widget_type=\"video.default\">\r\n\t\t\t\t<div class=\"elementor-widget-container\">\r\n\t\t\t\t\t\t\t<div class=\"elementor-wrapper elementor-open-inline\">\r\n\t\t\t<div class=\"elementor-video\"><\/div>\t\t<\/div>\r\n\t\t\t\t\t\t<\/div>\r\n\t\t\t\t<\/div>\r\n\t\t\t\t\t<\/div>\r\n\t\t<\/div>\r\n\t\t\t\t\t<\/div>\r\n\t\t<\/section>\r\n\t\t\t\t<\/div>","protected":false},"excerpt":{"rendered":"<p>\u00a0 THE POWER OF FEMALE CREATIVITY By presenting women&#8217;s culture, art and creativity and reassessing women&#8217;s historical heritage, we are striving to create a gender-equal society. Heroines are dedicated to our most distinguished scientists, artists, patronesses, activists, and other women who changed the world. Mileva Mari\u0107 Einstein, Marija Trandafil, Milica Stojadinovi\u0107 Srpkinja, and Milica Tomi\u0107 [&hellip;]<\/p>\n","protected":false},"author":8,"featured_media":15675,"parent":0,"menu_order":0,"comment_status":"closed","ping_status":"closed","template":"","meta":{"site-sidebar-layout":"no-sidebar","site-content-layout":"page-builder","ast-site-content-layout":"default","site-content-style":"default","site-sidebar-style":"default","ast-global-header-display":"","ast-banner-title-visibility":"","ast-main-header-display":"","ast-hfb-above-header-display":"","ast-hfb-below-header-display":"","ast-hfb-mobile-header-display":"","site-post-title":"disabled","ast-breadcrumbs-content":"","ast-featured-img":"disabled","footer-sml-layout":"","ast-disable-related-posts":"","theme-transparent-header-meta":"default","adv-header-id-meta":"","stick-header-meta":"","header-above-stick-meta":"","header-main-stick-meta":"","header-below-stick-meta":"","astra-migrate-meta-layouts":"default","ast-page-background-enabled":"default","ast-page-background-meta":{"desktop":{"background-color":"","background-image":"","background-repeat":"repeat","background-position":"center center","background-size":"auto","background-attachment":"scroll","background-type":"","background-media":"","overlay-type":"","overlay-color":"","overlay-opacity":"","overlay-gradient":""},"tablet":{"background-color":"","background-image":"","background-repeat":"repeat","background-position":"center center","background-size":"auto","background-attachment":"scroll","background-type":"","background-media":"","overlay-type":"","overlay-color":"","overlay-opacity":"","overlay-gradient":""},"mobile":{"background-color":"","background-image":"","background-repeat":"repeat","background-position":"center center","background-size":"auto","background-attachment":"scroll","background-type":"","background-media":"","overlay-type":"","overlay-color":"","overlay-opacity":"","overlay-gradient":""}},"ast-content-background-meta":{"desktop":{"background-color":"var(--ast-global-color-5)","background-image":"","background-repeat":"repeat","background-position":"center center","background-size":"auto","background-attachment":"scroll","background-type":"","background-media":"","overlay-type":"","overlay-color":"","overlay-opacity":"","overlay-gradient":""},"tablet":{"background-color":"var(--ast-global-color-5)","background-image":"","background-repeat":"repeat","background-position":"center center","background-size":"auto","background-attachment":"scroll","background-type":"","background-media":"","overlay-type":"","overlay-color":"","overlay-opacity":"","overlay-gradient":""},"mobile":{"background-color":"var(--ast-global-color-5)","background-image":"","background-repeat":"repeat","background-position":"center center","background-size":"auto","background-attachment":"scroll","background-type":"","background-media":"","overlay-type":"","overlay-color":"","overlay-opacity":"","overlay-gradient":""}},"footnotes":""},"class_list":["post-13775","page","type-page","status-publish","has-post-thumbnail","hentry"],"yoast_head":"<!-- This site is optimized with the Yoast SEO plugin v27.0 - https:\/\/yoast.com\/product\/yoast-seo-wordpress\/ -->\n<title>HEROINES \/ 18 MAY \u2013 12 JUNE<\/title>\n<meta name=\"description\" content=\"The \u2018Heroines\u2019 programme arch evokes the names of brave women who accepted and spread European ideas of enlightenment, equality, feminism and emancipation in the local context.\" \/>\n<meta name=\"robots\" content=\"index, follow, max-snippet:-1, max-image-preview:large, max-video-preview:-1\" \/>\n<link rel=\"canonical\" href=\"https:\/\/novisad2022.rs\/en\/heroines\/\" \/>\n<meta property=\"og:locale\" content=\"en_US\" \/>\n<meta property=\"og:type\" content=\"article\" \/>\n<meta property=\"og:title\" content=\"HEROINES \/ 18 MAY \u2013 12 JUNE\" \/>\n<meta property=\"og:description\" content=\"The \u2018Heroines\u2019 programme arch evokes the names of brave women who accepted and spread European ideas of enlightenment, equality, feminism and emancipation in the local context.\" \/>\n<meta property=\"og:url\" content=\"https:\/\/novisad2022.rs\/en\/heroines\/\" \/>\n<meta property=\"og:site_name\" content=\"Novi Sad 2022\" \/>\n<meta property=\"article:modified_time\" content=\"2022-11-29T14:24:37+00:00\" \/>\n<meta property=\"og:image\" content=\"https:\/\/novisad2022.rs\/wp-content\/uploads\/2021\/10\/logotipi-lukova-za-sajt-04.png\" \/>\n\t<meta property=\"og:image:width\" content=\"1200\" \/>\n\t<meta property=\"og:image:height\" content=\"630\" \/>\n\t<meta property=\"og:image:type\" content=\"image\/png\" \/>\n<meta name=\"twitter:card\" content=\"summary_large_image\" \/>\n<meta name=\"twitter:label1\" content=\"Est. reading time\" \/>\n\t<meta name=\"twitter:data1\" content=\"2 minutes\" \/>\n<script type=\"application\/ld+json\" class=\"yoast-schema-graph\">{\"@context\":\"https:\/\/schema.org\",\"@graph\":[{\"@type\":\"WebPage\",\"@id\":\"https:\/\/novisad2022.rs\/en\/heroines\/\",\"url\":\"https:\/\/novisad2022.rs\/en\/heroines\/\",\"name\":\"HEROINES \/ 18 MAY \u2013 12 JUNE\",\"isPartOf\":{\"@id\":\"https:\/\/novisad2022.rs\/en\/#website\"},\"primaryImageOfPage\":{\"@id\":\"https:\/\/novisad2022.rs\/en\/heroines\/#primaryimage\"},\"image\":{\"@id\":\"https:\/\/novisad2022.rs\/en\/heroines\/#primaryimage\"},\"thumbnailUrl\":\"https:\/\/novisad2022.rs\/wp-content\/uploads\/2021\/10\/logotipi-lukova-za-sajt-04.png\",\"datePublished\":\"2021-07-28T09:17:20+00:00\",\"dateModified\":\"2022-11-29T14:24:37+00:00\",\"description\":\"The \u2018Heroines\u2019 programme arch evokes the names of brave women who accepted and spread European ideas of enlightenment, equality, feminism and emancipation in the local context.\",\"breadcrumb\":{\"@id\":\"https:\/\/novisad2022.rs\/en\/heroines\/#breadcrumb\"},\"inLanguage\":\"en-US\",\"potentialAction\":[{\"@type\":\"ReadAction\",\"target\":[\"https:\/\/novisad2022.rs\/en\/heroines\/\"]}]},{\"@type\":\"ImageObject\",\"inLanguage\":\"en-US\",\"@id\":\"https:\/\/novisad2022.rs\/en\/heroines\/#primaryimage\",\"url\":\"https:\/\/novisad2022.rs\/wp-content\/uploads\/2021\/10\/logotipi-lukova-za-sajt-04.png\",\"contentUrl\":\"https:\/\/novisad2022.rs\/wp-content\/uploads\/2021\/10\/logotipi-lukova-za-sajt-04.png\",\"width\":1200,\"height\":630},{\"@type\":\"BreadcrumbList\",\"@id\":\"https:\/\/novisad2022.rs\/en\/heroines\/#breadcrumb\",\"itemListElement\":[{\"@type\":\"ListItem\",\"position\":1,\"name\":\"\u041f\u043e\u0447\u0435\u0442\u043d\u0430\",\"item\":\"https:\/\/novisad2022.rs\/en\/home-page\/\"},{\"@type\":\"ListItem\",\"position\":2,\"name\":\"18 MAY \u2013 12 JUN 2022\"}]},{\"@type\":\"WebSite\",\"@id\":\"https:\/\/novisad2022.rs\/en\/#website\",\"url\":\"https:\/\/novisad2022.rs\/en\/\",\"name\":\"Novi Sad 2022\",\"description\":\"European Capital of Culture\",\"potentialAction\":[{\"@type\":\"SearchAction\",\"target\":{\"@type\":\"EntryPoint\",\"urlTemplate\":\"https:\/\/novisad2022.rs\/en\/?s={search_term_string}\"},\"query-input\":{\"@type\":\"PropertyValueSpecification\",\"valueRequired\":true,\"valueName\":\"search_term_string\"}}],\"inLanguage\":\"en-US\"}]}<\/script>\n<!-- \/ Yoast SEO plugin. -->","yoast_head_json":{"title":"HEROINES \/ 18 MAY \u2013 12 JUNE","description":"The \u2018Heroines\u2019 programme arch evokes the names of brave women who accepted and spread European ideas of enlightenment, equality, feminism and emancipation in the local context.","robots":{"index":"index","follow":"follow","max-snippet":"max-snippet:-1","max-image-preview":"max-image-preview:large","max-video-preview":"max-video-preview:-1"},"canonical":"https:\/\/novisad2022.rs\/en\/heroines\/","og_locale":"en_US","og_type":"article","og_title":"HEROINES \/ 18 MAY \u2013 12 JUNE","og_description":"The \u2018Heroines\u2019 programme arch evokes the names of brave women who accepted and spread European ideas of enlightenment, equality, feminism and emancipation in the local context.","og_url":"https:\/\/novisad2022.rs\/en\/heroines\/","og_site_name":"Novi Sad 2022","article_modified_time":"2022-11-29T14:24:37+00:00","og_image":[{"width":1200,"height":630,"url":"https:\/\/novisad2022.rs\/wp-content\/uploads\/2021\/10\/logotipi-lukova-za-sajt-04.png","type":"image\/png"}],"twitter_card":"summary_large_image","twitter_misc":{"Est. reading time":"2 minutes"},"schema":{"@context":"https:\/\/schema.org","@graph":[{"@type":"WebPage","@id":"https:\/\/novisad2022.rs\/en\/heroines\/","url":"https:\/\/novisad2022.rs\/en\/heroines\/","name":"HEROINES \/ 18 MAY \u2013 12 JUNE","isPartOf":{"@id":"https:\/\/novisad2022.rs\/en\/#website"},"primaryImageOfPage":{"@id":"https:\/\/novisad2022.rs\/en\/heroines\/#primaryimage"},"image":{"@id":"https:\/\/novisad2022.rs\/en\/heroines\/#primaryimage"},"thumbnailUrl":"https:\/\/novisad2022.rs\/wp-content\/uploads\/2021\/10\/logotipi-lukova-za-sajt-04.png","datePublished":"2021-07-28T09:17:20+00:00","dateModified":"2022-11-29T14:24:37+00:00","description":"The \u2018Heroines\u2019 programme arch evokes the names of brave women who accepted and spread European ideas of enlightenment, equality, feminism and emancipation in the local context.","breadcrumb":{"@id":"https:\/\/novisad2022.rs\/en\/heroines\/#breadcrumb"},"inLanguage":"en-US","potentialAction":[{"@type":"ReadAction","target":["https:\/\/novisad2022.rs\/en\/heroines\/"]}]},{"@type":"ImageObject","inLanguage":"en-US","@id":"https:\/\/novisad2022.rs\/en\/heroines\/#primaryimage","url":"https:\/\/novisad2022.rs\/wp-content\/uploads\/2021\/10\/logotipi-lukova-za-sajt-04.png","contentUrl":"https:\/\/novisad2022.rs\/wp-content\/uploads\/2021\/10\/logotipi-lukova-za-sajt-04.png","width":1200,"height":630},{"@type":"BreadcrumbList","@id":"https:\/\/novisad2022.rs\/en\/heroines\/#breadcrumb","itemListElement":[{"@type":"ListItem","position":1,"name":"\u041f\u043e\u0447\u0435\u0442\u043d\u0430","item":"https:\/\/novisad2022.rs\/en\/home-page\/"},{"@type":"ListItem","position":2,"name":"18 MAY \u2013 12 JUN 2022"}]},{"@type":"WebSite","@id":"https:\/\/novisad2022.rs\/en\/#website","url":"https:\/\/novisad2022.rs\/en\/","name":"Novi Sad 2022","description":"European Capital of Culture","potentialAction":[{"@type":"SearchAction","target":{"@type":"EntryPoint","urlTemplate":"https:\/\/novisad2022.rs\/en\/?s={search_term_string}"},"query-input":{"@type":"PropertyValueSpecification","valueRequired":true,"valueName":"search_term_string"}}],"inLanguage":"en-US"}]}},"_links":{"self":[{"href":"https:\/\/novisad2022.rs\/en\/wp-json\/wp\/v2\/pages\/13775","targetHints":{"allow":["GET"]}}],"collection":[{"href":"https:\/\/novisad2022.rs\/en\/wp-json\/wp\/v2\/pages"}],"about":[{"href":"https:\/\/novisad2022.rs\/en\/wp-json\/wp\/v2\/types\/page"}],"author":[{"embeddable":true,"href":"https:\/\/novisad2022.rs\/en\/wp-json\/wp\/v2\/users\/8"}],"replies":[{"embeddable":true,"href":"https:\/\/novisad2022.rs\/en\/wp-json\/wp\/v2\/comments?post=13775"}],"version-history":[{"count":22,"href":"https:\/\/novisad2022.rs\/en\/wp-json\/wp\/v2\/pages\/13775\/revisions"}],"predecessor-version":[{"id":29612,"href":"https:\/\/novisad2022.rs\/en\/wp-json\/wp\/v2\/pages\/13775\/revisions\/29612"}],"wp:featuredmedia":[{"embeddable":true,"href":"https:\/\/novisad2022.rs\/en\/wp-json\/wp\/v2\/media\/15675"}],"wp:attachment":[{"href":"https:\/\/novisad2022.rs\/en\/wp-json\/wp\/v2\/media?parent=13775"}],"curies":[{"name":"wp","href":"https:\/\/api.w.org\/{rel}","templated":true}]}}