{"id":13805,"date":"2021-07-28T11:56:06","date_gmt":"2021-07-28T09:56:06","guid":{"rendered":"https:\/\/novisad2022.rs\/?page_id=13805"},"modified":"2022-11-29T15:26:52","modified_gmt":"2022-11-29T14:26:52","slug":"kaleidoscope-of-culture","status":"publish","type":"page","link":"https:\/\/novisad2022.rs\/en\/kaleidoscope-of-culture\/","title":{"rendered":"1 SEP \u2013 7 OCT 2022"},"content":{"rendered":"<div data-elementor-type=\"wp-page\" data-elementor-id=\"13805\" class=\"elementor elementor-13805\" data-elementor-post-type=\"page\">\r\n\t\t\t\t\t\t<section class=\"elementor-section elementor-top-section elementor-element elementor-element-d8f0c76 elementor-section-boxed elementor-section-height-default elementor-section-height-default\" data-id=\"d8f0c76\" data-element_type=\"section\" data-e-type=\"section\">\r\n\t\t\t\t\t\t<div class=\"elementor-container elementor-column-gap-default\">\r\n\t\t\t\t\t<div class=\"elementor-column elementor-col-100 elementor-top-column elementor-element elementor-element-1fb55c3\" data-id=\"1fb55c3\" data-element_type=\"column\" data-e-type=\"column\">\r\n\t\t\t<div class=\"elementor-widget-wrap elementor-element-populated\">\r\n\t\t\t\t\t\t<div class=\"elementor-element elementor-element-275b1fc elementor-widget elementor-widget-image\" data-id=\"275b1fc\" data-element_type=\"widget\" data-e-type=\"widget\" data-widget_type=\"image.default\">\r\n\t\t\t\t<div class=\"elementor-widget-container\">\r\n\t\t\t\t\t\t\t\t\t\t\t\t\t\t\t\t<a href=\"https:\/\/kaleidoskopkulture.com\/sr\/\">\r\n\t\t\t\t\t\t\t<img decoding=\"async\" width=\"300\" height=\"158\" src=\"https:\/\/novisad2022.rs\/wp-content\/uploads\/2021\/10\/logotipi-lukova-za-sajt-07-300x158.png\" class=\"attachment-medium size-medium wp-image-15672\" alt=\"\" srcset=\"https:\/\/novisad2022.rs\/wp-content\/uploads\/2021\/10\/logotipi-lukova-za-sajt-07-300x158.png 300w, https:\/\/novisad2022.rs\/wp-content\/uploads\/2021\/10\/logotipi-lukova-za-sajt-07-1024x538.png 1024w, https:\/\/novisad2022.rs\/wp-content\/uploads\/2021\/10\/logotipi-lukova-za-sajt-07-768x403.png 768w, https:\/\/novisad2022.rs\/wp-content\/uploads\/2021\/10\/logotipi-lukova-za-sajt-07.png 1200w\" sizes=\"(max-width: 300px) 100vw, 300px\" \/>\t\t\t\t\t\t\t\t<\/a>\r\n\t\t\t\t\t\t\t\t\t\t\t\t\t\t\t<\/div>\r\n\t\t\t\t<\/div>\r\n\t\t\t\t\t<\/div>\r\n\t\t<\/div>\r\n\t\t\t\t\t<\/div>\r\n\t\t<\/section>\r\n\t\t\t\t<section class=\"elementor-section elementor-top-section elementor-element elementor-element-e50ffbc elementor-section-boxed elementor-section-height-default elementor-section-height-default\" data-id=\"e50ffbc\" data-element_type=\"section\" data-e-type=\"section\">\r\n\t\t\t\t\t\t<div class=\"elementor-container elementor-column-gap-default\">\r\n\t\t\t\t\t<div class=\"elementor-column elementor-col-100 elementor-top-column elementor-element elementor-element-db2b29d\" data-id=\"db2b29d\" data-element_type=\"column\" data-e-type=\"column\">\r\n\t\t\t<div class=\"elementor-widget-wrap elementor-element-populated\">\r\n\t\t\t\t\t\t<div class=\"elementor-element elementor-element-88c7236 elementor-widget elementor-widget-text-editor\" data-id=\"88c7236\" data-element_type=\"widget\" data-e-type=\"widget\" data-widget_type=\"text-editor.default\">\r\n\t\t\t\t<div class=\"elementor-widget-container\">\r\n\t\t\t\t\t\t\t\t\t<h2>\u00a0<\/h2><h2>CULTURE OF TOGETHERNESS<\/h2><p>Five weeks and five arts, at iconic, new places for culture, in new, restored spaces, connect local and European scene and citizens, turning Novi Sad into a kaleidoscope city.<\/p><p>Architecture, literature, performing arts, visual and applied arts, find their way to their citizens of Novi Sad with numerous programmes and mark the end of summer in our city.<\/p><p>The Kaleidoscope of Culture, another legacy project, has been one of the most significant projects in the European Capital of Culture. Furthermore, the Kaleidoscope of Culture is one of the two programme arches of the European Capital of Culture along with Do\u010dek thanks to which Novi Sad also received the <strong>Award for the best European trend brand in the field of culture<\/strong> in November 2021 in Dresden.<\/p><p><span style=\"font-size: 16px;\">As the largest art gathering in this part of Europe, the Kaleidoscope of Culture is bringing a performance by the famous Viennese Burgtheater, world-class contemporary dance, a performance by one of the world&#8217;s greatest violinists Julian Rachlin, a major exhibition dedicated to one of the most significant Serbian, and European, painters of the 20th century, Sava \u0160umanovi\u0107, the first independent retrospective exhibition of Dragoljub Ra\u0161a Teodosijevi\u0107, a conceptualist and representative of Serbia at the Venice Biennale of Contemporary Art, the art collective Plastique Fantastique from Berlin, which exhibited at the biggest art events, such as the Venice Biennale and the RINGdeLUXE La Rioja festival, as well as numerous other prestigious art programmes.<\/span><\/p><p><strong>You can check out the programme book of the Kaleidoscope of Culture arch <a href=\"https:\/\/novisad2022.rs\/wp-content\/uploads\/2021\/12\/book_5_hope.pdf\">here<\/a>, and the calendar of all events is available <a href=\"https:\/\/kalendar.novisad2022.rs\/en\/kaleidoscope-of-culture\/\">here<\/a>.<\/strong><\/p>\t\t\t\t\t\t\t\t<\/div>\r\n\t\t\t\t<\/div>\r\n\t\t\t\t\t<\/div>\r\n\t\t<\/div>\r\n\t\t\t\t\t<\/div>\r\n\t\t<\/section>\r\n\t\t\t\t<section class=\"elementor-section elementor-top-section elementor-element elementor-element-40924e6 elementor-section-boxed elementor-section-height-default elementor-section-height-default\" data-id=\"40924e6\" data-element_type=\"section\" data-e-type=\"section\">\r\n\t\t\t\t\t\t<div class=\"elementor-container elementor-column-gap-default\">\r\n\t\t\t\t\t<div class=\"elementor-column elementor-col-100 elementor-top-column elementor-element elementor-element-9d44c18\" data-id=\"9d44c18\" data-element_type=\"column\" data-e-type=\"column\">\r\n\t\t\t<div class=\"elementor-widget-wrap elementor-element-populated\">\r\n\t\t\t\t\t\t<div class=\"elementor-element elementor-element-c87dda2 elementor-widget elementor-widget-text-editor\" data-id=\"c87dda2\" data-element_type=\"widget\" data-e-type=\"widget\" data-widget_type=\"text-editor.default\">\r\n\t\t\t\t<div class=\"elementor-widget-container\">\r\n\t\t\t\t\t\t\t\t\t<h2 style=\"text-align: center;\">PROGRAMME UNITS<\/h2>\t\t\t\t\t\t\t\t<\/div>\r\n\t\t\t\t<\/div>\r\n\t\t\t\t\t<\/div>\r\n\t\t<\/div>\r\n\t\t\t\t\t<\/div>\r\n\t\t<\/section>\r\n\t\t\t\t<section class=\"elementor-section elementor-top-section elementor-element elementor-element-109f465 elementor-section-boxed elementor-section-height-default elementor-section-height-default\" data-id=\"109f465\" data-element_type=\"section\" data-e-type=\"section\">\r\n\t\t\t\t\t\t<div class=\"elementor-container elementor-column-gap-default\">\r\n\t\t\t\t\t<div class=\"elementor-column elementor-col-100 elementor-top-column elementor-element elementor-element-84a7697\" data-id=\"84a7697\" data-element_type=\"column\" data-e-type=\"column\">\r\n\t\t\t<div class=\"elementor-widget-wrap elementor-element-populated\">\r\n\t\t\t\t\t\t<section class=\"elementor-section elementor-inner-section elementor-element elementor-element-d9d2589 elementor-section-boxed elementor-section-height-default elementor-section-height-default\" data-id=\"d9d2589\" data-element_type=\"section\" data-e-type=\"section\">\r\n\t\t\t\t\t\t<div class=\"elementor-container elementor-column-gap-default\">\r\n\t\t\t\t\t<div class=\"elementor-column elementor-col-50 elementor-inner-column elementor-element elementor-element-0c0aaea\" data-id=\"0c0aaea\" data-element_type=\"column\" data-e-type=\"column\">\r\n\t\t\t<div class=\"elementor-widget-wrap elementor-element-populated\">\r\n\t\t\t\t\t\t<div class=\"elementor-element elementor-element-d41782c elementor-widget elementor-widget-text-editor\" data-id=\"d41782c\" data-element_type=\"widget\" data-e-type=\"widget\" data-widget_type=\"text-editor.default\">\r\n\t\t\t\t<div class=\"elementor-widget-container\">\r\n\t\t\t\t\t\t\t\t\t<p style=\"text-align: center;\"><strong><span style=\"font-size: 14pt;\">ARCHITECTURE<\/span><\/strong><\/p><p>Industrial heritage, scene design and modern architecture presented through exhibitions, but through other forms of artistic expression and modern technology as well.<\/p>\t\t\t\t\t\t\t\t<\/div>\r\n\t\t\t\t<\/div>\r\n\t\t\t\t\t<\/div>\r\n\t\t<\/div>\r\n\t\t\t\t<div class=\"elementor-column elementor-col-50 elementor-inner-column elementor-element elementor-element-b84e30d\" data-id=\"b84e30d\" data-element_type=\"column\" data-e-type=\"column\">\r\n\t\t\t<div class=\"elementor-widget-wrap elementor-element-populated\">\r\n\t\t\t\t\t\t<div class=\"elementor-element elementor-element-809bb8e elementor-widget elementor-widget-text-editor\" data-id=\"809bb8e\" data-element_type=\"widget\" data-e-type=\"widget\" data-widget_type=\"text-editor.default\">\r\n\t\t\t\t<div class=\"elementor-widget-container\">\r\n\t\t\t\t\t\t\t\t\t<p style=\"text-align: center;\"><strong><span style=\"font-size: 14pt;\">PERFORMING ARTS<\/span><\/strong><\/p><p>Concerts in the open, performances, theatre plays, contemporary dance.<\/p>\t\t\t\t\t\t\t\t<\/div>\r\n\t\t\t\t<\/div>\r\n\t\t\t\t\t<\/div>\r\n\t\t<\/div>\r\n\t\t\t\t\t<\/div>\r\n\t\t<\/section>\r\n\t\t\t\t\t<\/div>\r\n\t\t<\/div>\r\n\t\t\t\t\t<\/div>\r\n\t\t<\/section>\r\n\t\t\t\t<section class=\"elementor-section elementor-top-section elementor-element elementor-element-e8788fc elementor-section-boxed elementor-section-height-default elementor-section-height-default\" data-id=\"e8788fc\" data-element_type=\"section\" data-e-type=\"section\">\r\n\t\t\t\t\t\t<div class=\"elementor-container elementor-column-gap-default\">\r\n\t\t\t\t\t<div class=\"elementor-column elementor-col-100 elementor-top-column elementor-element elementor-element-d349157\" data-id=\"d349157\" data-element_type=\"column\" data-e-type=\"column\">\r\n\t\t\t<div class=\"elementor-widget-wrap elementor-element-populated\">\r\n\t\t\t\t\t\t<section class=\"elementor-section elementor-inner-section elementor-element elementor-element-4635eaf elementor-section-boxed elementor-section-height-default elementor-section-height-default\" data-id=\"4635eaf\" data-element_type=\"section\" data-e-type=\"section\">\r\n\t\t\t\t\t\t<div class=\"elementor-container elementor-column-gap-default\">\r\n\t\t\t\t\t<div class=\"elementor-column elementor-col-50 elementor-inner-column elementor-element elementor-element-01937b2\" data-id=\"01937b2\" data-element_type=\"column\" data-e-type=\"column\">\r\n\t\t\t<div class=\"elementor-widget-wrap elementor-element-populated\">\r\n\t\t\t\t\t\t<div class=\"elementor-element elementor-element-6c6cf8e elementor-widget elementor-widget-text-editor\" data-id=\"6c6cf8e\" data-element_type=\"widget\" data-e-type=\"widget\" data-widget_type=\"text-editor.default\">\r\n\t\t\t\t<div class=\"elementor-widget-container\">\r\n\t\t\t\t\t\t\t\t\t<p style=\"text-align: center;\"><strong><span style=\"font-size: 14pt;\">VISUAL ARTS<\/span><\/strong><\/p><p>New media art and contemporary expressions of visual arts.<\/p>\t\t\t\t\t\t\t\t<\/div>\r\n\t\t\t\t<\/div>\r\n\t\t\t\t\t<\/div>\r\n\t\t<\/div>\r\n\t\t\t\t<div class=\"elementor-column elementor-col-50 elementor-inner-column elementor-element elementor-element-1a95beb\" data-id=\"1a95beb\" data-element_type=\"column\" data-e-type=\"column\">\r\n\t\t\t<div class=\"elementor-widget-wrap elementor-element-populated\">\r\n\t\t\t\t\t\t<div class=\"elementor-element elementor-element-227412a elementor-widget elementor-widget-text-editor\" data-id=\"227412a\" data-element_type=\"widget\" data-e-type=\"widget\" data-widget_type=\"text-editor.default\">\r\n\t\t\t\t<div class=\"elementor-widget-container\">\r\n\t\t\t\t\t\t\t\t\t<p style=\"text-align: center;\"><strong><span style=\"font-size: 14pt;\">LITERATURE<\/span><\/strong><\/p><p>Public readings, conversations with authors and performances as deviations from the established forms of literary promotion.<\/p>\t\t\t\t\t\t\t\t<\/div>\r\n\t\t\t\t<\/div>\r\n\t\t\t\t\t<\/div>\r\n\t\t<\/div>\r\n\t\t\t\t\t<\/div>\r\n\t\t<\/section>\r\n\t\t\t\t\t<\/div>\r\n\t\t<\/div>\r\n\t\t\t\t\t<\/div>\r\n\t\t<\/section>\r\n\t\t\t\t<section class=\"elementor-section elementor-top-section elementor-element elementor-element-12e040b elementor-section-boxed elementor-section-height-default elementor-section-height-default\" data-id=\"12e040b\" data-element_type=\"section\" data-e-type=\"section\">\r\n\t\t\t\t\t\t<div class=\"elementor-container elementor-column-gap-default\">\r\n\t\t\t\t\t<div class=\"elementor-column elementor-col-100 elementor-top-column elementor-element elementor-element-ea8bf7b\" data-id=\"ea8bf7b\" data-element_type=\"column\" data-e-type=\"column\">\r\n\t\t\t<div class=\"elementor-widget-wrap elementor-element-populated\">\r\n\t\t\t\t\t\t<section class=\"elementor-section elementor-inner-section elementor-element elementor-element-5b09c54 elementor-section-boxed elementor-section-height-default elementor-section-height-default\" data-id=\"5b09c54\" data-element_type=\"section\" data-e-type=\"section\">\r\n\t\t\t\t\t\t<div class=\"elementor-container elementor-column-gap-default\">\r\n\t\t\t\t\t<div class=\"elementor-column elementor-col-50 elementor-inner-column elementor-element elementor-element-81eae86\" data-id=\"81eae86\" data-element_type=\"column\" data-e-type=\"column\">\r\n\t\t\t<div class=\"elementor-widget-wrap elementor-element-populated\">\r\n\t\t\t\t\t\t<div class=\"elementor-element elementor-element-428afcb elementor-widget elementor-widget-text-editor\" data-id=\"428afcb\" data-element_type=\"widget\" data-e-type=\"widget\" data-widget_type=\"text-editor.default\">\r\n\t\t\t\t<div class=\"elementor-widget-container\">\r\n\t\t\t\t\t\t\t\t\t<p style=\"text-align: center;\"><strong><span style=\"font-size: 14pt;\">APPLIED ARTS<\/span><\/strong><\/p><p>New exhibiting practice introduces the biggest names of the world and local design.<\/p>\t\t\t\t\t\t\t\t<\/div>\r\n\t\t\t\t<\/div>\r\n\t\t\t\t\t<\/div>\r\n\t\t<\/div>\r\n\t\t\t\t<div class=\"elementor-column elementor-col-50 elementor-inner-column elementor-element elementor-element-9e328c8\" data-id=\"9e328c8\" data-element_type=\"column\" data-e-type=\"column\">\r\n\t\t\t<div class=\"elementor-widget-wrap\">\r\n\t\t\t\t\t\t\t<\/div>\r\n\t\t<\/div>\r\n\t\t\t\t\t<\/div>\r\n\t\t<\/section>\r\n\t\t\t\t\t<\/div>\r\n\t\t<\/div>\r\n\t\t\t\t\t<\/div>\r\n\t\t<\/section>\r\n\t\t\t\t<section class=\"elementor-section elementor-top-section elementor-element elementor-element-6ea0456 elementor-section-boxed elementor-section-height-default elementor-section-height-default\" data-id=\"6ea0456\" data-element_type=\"section\" data-e-type=\"section\">\r\n\t\t\t\t\t\t<div class=\"elementor-container elementor-column-gap-default\">\r\n\t\t\t\t\t<div class=\"elementor-column elementor-col-100 elementor-top-column elementor-element elementor-element-deea1fe\" data-id=\"deea1fe\" data-element_type=\"column\" data-e-type=\"column\">\r\n\t\t\t<div class=\"elementor-widget-wrap elementor-element-populated\">\r\n\t\t\t\t\t\t<div class=\"elementor-element elementor-element-f1ec4e8 elementor-widget elementor-widget-video\" data-id=\"f1ec4e8\" data-element_type=\"widget\" data-e-type=\"widget\" data-settings=\"{&quot;youtube_url&quot;:&quot;https:\\\/\\\/youtu.be\\\/btratkSEQwU&quot;,&quot;video_type&quot;:&quot;youtube&quot;,&quot;controls&quot;:&quot;yes&quot;}\" data-widget_type=\"video.default\">\r\n\t\t\t\t<div class=\"elementor-widget-container\">\r\n\t\t\t\t\t\t\t<div class=\"elementor-wrapper elementor-open-inline\">\r\n\t\t\t<div class=\"elementor-video\"><\/div>\t\t<\/div>\r\n\t\t\t\t\t\t<\/div>\r\n\t\t\t\t<\/div>\r\n\t\t\t\t\t<\/div>\r\n\t\t<\/div>\r\n\t\t\t\t\t<\/div>\r\n\t\t<\/section>\r\n\t\t\t\t<\/div>","protected":false},"excerpt":{"rendered":"<p>\u00a0 CULTURE OF TOGETHERNESS Five weeks and five arts, at iconic, new places for culture, in new, restored spaces, connect local and European scene and citizens, turning Novi Sad into a kaleidoscope city. Architecture, literature, performing arts, visual and applied arts, find their way to their citizens of Novi Sad with numerous programmes and mark [&hellip;]<\/p>\n","protected":false},"author":8,"featured_media":15672,"parent":0,"menu_order":0,"comment_status":"closed","ping_status":"closed","template":"","meta":{"site-sidebar-layout":"no-sidebar","site-content-layout":"page-builder","ast-site-content-layout":"default","site-content-style":"default","site-sidebar-style":"default","ast-global-header-display":"","ast-banner-title-visibility":"","ast-main-header-display":"","ast-hfb-above-header-display":"","ast-hfb-below-header-display":"","ast-hfb-mobile-header-display":"","site-post-title":"disabled","ast-breadcrumbs-content":"","ast-featured-img":"disabled","footer-sml-layout":"","ast-disable-related-posts":"","theme-transparent-header-meta":"default","adv-header-id-meta":"","stick-header-meta":"","header-above-stick-meta":"","header-main-stick-meta":"","header-below-stick-meta":"","astra-migrate-meta-layouts":"default","ast-page-background-enabled":"default","ast-page-background-meta":{"desktop":{"background-color":"","background-image":"","background-repeat":"repeat","background-position":"center center","background-size":"auto","background-attachment":"scroll","background-type":"","background-media":"","overlay-type":"","overlay-color":"","overlay-opacity":"","overlay-gradient":""},"tablet":{"background-color":"","background-image":"","background-repeat":"repeat","background-position":"center center","background-size":"auto","background-attachment":"scroll","background-type":"","background-media":"","overlay-type":"","overlay-color":"","overlay-opacity":"","overlay-gradient":""},"mobile":{"background-color":"","background-image":"","background-repeat":"repeat","background-position":"center center","background-size":"auto","background-attachment":"scroll","background-type":"","background-media":"","overlay-type":"","overlay-color":"","overlay-opacity":"","overlay-gradient":""}},"ast-content-background-meta":{"desktop":{"background-color":"var(--ast-global-color-5)","background-image":"","background-repeat":"repeat","background-position":"center center","background-size":"auto","background-attachment":"scroll","background-type":"","background-media":"","overlay-type":"","overlay-color":"","overlay-opacity":"","overlay-gradient":""},"tablet":{"background-color":"var(--ast-global-color-5)","background-image":"","background-repeat":"repeat","background-position":"center center","background-size":"auto","background-attachment":"scroll","background-type":"","background-media":"","overlay-type":"","overlay-color":"","overlay-opacity":"","overlay-gradient":""},"mobile":{"background-color":"var(--ast-global-color-5)","background-image":"","background-repeat":"repeat","background-position":"center center","background-size":"auto","background-attachment":"scroll","background-type":"","background-media":"","overlay-type":"","overlay-color":"","overlay-opacity":"","overlay-gradient":""}},"footnotes":""},"class_list":["post-13805","page","type-page","status-publish","has-post-thumbnail","hentry"],"yoast_head":"<!-- This site is optimized with the Yoast SEO plugin v27.0 - https:\/\/yoast.com\/product\/yoast-seo-wordpress\/ -->\n<title>Kaleidoscope of culture \/ 1. 9 \u2013 7. 10.<\/title>\n<meta name=\"description\" content=\"The Kaleidoscope of Culture, another legacy project, has been one of the biggest projects within the European Capital of Culture so far.\" \/>\n<meta name=\"robots\" content=\"index, follow, max-snippet:-1, max-image-preview:large, max-video-preview:-1\" \/>\n<link rel=\"canonical\" href=\"https:\/\/novisad2022.rs\/en\/kaleidoscope-of-culture\/\" \/>\n<meta property=\"og:locale\" content=\"en_US\" \/>\n<meta property=\"og:type\" content=\"article\" \/>\n<meta property=\"og:title\" content=\"Kaleidoscope of culture \/ 1. 9 \u2013 7. 10.\" \/>\n<meta property=\"og:description\" content=\"The Kaleidoscope of Culture, another legacy project, has been one of the biggest projects within the European Capital of Culture so far.\" \/>\n<meta property=\"og:url\" content=\"https:\/\/novisad2022.rs\/en\/kaleidoscope-of-culture\/\" \/>\n<meta property=\"og:site_name\" content=\"Novi Sad 2022\" \/>\n<meta property=\"article:modified_time\" content=\"2022-11-29T14:26:52+00:00\" \/>\n<meta property=\"og:image\" content=\"https:\/\/novisad2022.rs\/wp-content\/uploads\/2021\/10\/logotipi-lukova-za-sajt-07.png\" \/>\n\t<meta property=\"og:image:width\" content=\"1200\" \/>\n\t<meta property=\"og:image:height\" content=\"630\" \/>\n\t<meta property=\"og:image:type\" content=\"image\/png\" \/>\n<meta name=\"twitter:card\" content=\"summary_large_image\" \/>\n<meta name=\"twitter:label1\" content=\"Est. reading time\" \/>\n\t<meta name=\"twitter:data1\" content=\"2 minutes\" \/>\n<script type=\"application\/ld+json\" class=\"yoast-schema-graph\">{\"@context\":\"https:\/\/schema.org\",\"@graph\":[{\"@type\":\"WebPage\",\"@id\":\"https:\/\/novisad2022.rs\/en\/kaleidoscope-of-culture\/\",\"url\":\"https:\/\/novisad2022.rs\/en\/kaleidoscope-of-culture\/\",\"name\":\"Kaleidoscope of culture \/ 1. 9 \u2013 7. 10.\",\"isPartOf\":{\"@id\":\"https:\/\/novisad2022.rs\/en\/#website\"},\"primaryImageOfPage\":{\"@id\":\"https:\/\/novisad2022.rs\/en\/kaleidoscope-of-culture\/#primaryimage\"},\"image\":{\"@id\":\"https:\/\/novisad2022.rs\/en\/kaleidoscope-of-culture\/#primaryimage\"},\"thumbnailUrl\":\"https:\/\/novisad2022.rs\/wp-content\/uploads\/2021\/10\/logotipi-lukova-za-sajt-07.png\",\"datePublished\":\"2021-07-28T09:56:06+00:00\",\"dateModified\":\"2022-11-29T14:26:52+00:00\",\"description\":\"The Kaleidoscope of Culture, another legacy project, has been one of the biggest projects within the European Capital of Culture so far.\",\"breadcrumb\":{\"@id\":\"https:\/\/novisad2022.rs\/en\/kaleidoscope-of-culture\/#breadcrumb\"},\"inLanguage\":\"en-US\",\"potentialAction\":[{\"@type\":\"ReadAction\",\"target\":[\"https:\/\/novisad2022.rs\/en\/kaleidoscope-of-culture\/\"]}]},{\"@type\":\"ImageObject\",\"inLanguage\":\"en-US\",\"@id\":\"https:\/\/novisad2022.rs\/en\/kaleidoscope-of-culture\/#primaryimage\",\"url\":\"https:\/\/novisad2022.rs\/wp-content\/uploads\/2021\/10\/logotipi-lukova-za-sajt-07.png\",\"contentUrl\":\"https:\/\/novisad2022.rs\/wp-content\/uploads\/2021\/10\/logotipi-lukova-za-sajt-07.png\",\"width\":1200,\"height\":630},{\"@type\":\"BreadcrumbList\",\"@id\":\"https:\/\/novisad2022.rs\/en\/kaleidoscope-of-culture\/#breadcrumb\",\"itemListElement\":[{\"@type\":\"ListItem\",\"position\":1,\"name\":\"\u041f\u043e\u0447\u0435\u0442\u043d\u0430\",\"item\":\"https:\/\/novisad2022.rs\/en\/home-page\/\"},{\"@type\":\"ListItem\",\"position\":2,\"name\":\"1 SEP \u2013 7 OCT 2022\"}]},{\"@type\":\"WebSite\",\"@id\":\"https:\/\/novisad2022.rs\/en\/#website\",\"url\":\"https:\/\/novisad2022.rs\/en\/\",\"name\":\"Novi Sad 2022\",\"description\":\"European Capital of Culture\",\"potentialAction\":[{\"@type\":\"SearchAction\",\"target\":{\"@type\":\"EntryPoint\",\"urlTemplate\":\"https:\/\/novisad2022.rs\/en\/?s={search_term_string}\"},\"query-input\":{\"@type\":\"PropertyValueSpecification\",\"valueRequired\":true,\"valueName\":\"search_term_string\"}}],\"inLanguage\":\"en-US\"}]}<\/script>\n<!-- \/ Yoast SEO plugin. -->","yoast_head_json":{"title":"Kaleidoscope of culture \/ 1. 9 \u2013 7. 10.","description":"The Kaleidoscope of Culture, another legacy project, has been one of the biggest projects within the European Capital of Culture so far.","robots":{"index":"index","follow":"follow","max-snippet":"max-snippet:-1","max-image-preview":"max-image-preview:large","max-video-preview":"max-video-preview:-1"},"canonical":"https:\/\/novisad2022.rs\/en\/kaleidoscope-of-culture\/","og_locale":"en_US","og_type":"article","og_title":"Kaleidoscope of culture \/ 1. 9 \u2013 7. 10.","og_description":"The Kaleidoscope of Culture, another legacy project, has been one of the biggest projects within the European Capital of Culture so far.","og_url":"https:\/\/novisad2022.rs\/en\/kaleidoscope-of-culture\/","og_site_name":"Novi Sad 2022","article_modified_time":"2022-11-29T14:26:52+00:00","og_image":[{"width":1200,"height":630,"url":"https:\/\/novisad2022.rs\/wp-content\/uploads\/2021\/10\/logotipi-lukova-za-sajt-07.png","type":"image\/png"}],"twitter_card":"summary_large_image","twitter_misc":{"Est. reading time":"2 minutes"},"schema":{"@context":"https:\/\/schema.org","@graph":[{"@type":"WebPage","@id":"https:\/\/novisad2022.rs\/en\/kaleidoscope-of-culture\/","url":"https:\/\/novisad2022.rs\/en\/kaleidoscope-of-culture\/","name":"Kaleidoscope of culture \/ 1. 9 \u2013 7. 10.","isPartOf":{"@id":"https:\/\/novisad2022.rs\/en\/#website"},"primaryImageOfPage":{"@id":"https:\/\/novisad2022.rs\/en\/kaleidoscope-of-culture\/#primaryimage"},"image":{"@id":"https:\/\/novisad2022.rs\/en\/kaleidoscope-of-culture\/#primaryimage"},"thumbnailUrl":"https:\/\/novisad2022.rs\/wp-content\/uploads\/2021\/10\/logotipi-lukova-za-sajt-07.png","datePublished":"2021-07-28T09:56:06+00:00","dateModified":"2022-11-29T14:26:52+00:00","description":"The Kaleidoscope of Culture, another legacy project, has been one of the biggest projects within the European Capital of Culture so far.","breadcrumb":{"@id":"https:\/\/novisad2022.rs\/en\/kaleidoscope-of-culture\/#breadcrumb"},"inLanguage":"en-US","potentialAction":[{"@type":"ReadAction","target":["https:\/\/novisad2022.rs\/en\/kaleidoscope-of-culture\/"]}]},{"@type":"ImageObject","inLanguage":"en-US","@id":"https:\/\/novisad2022.rs\/en\/kaleidoscope-of-culture\/#primaryimage","url":"https:\/\/novisad2022.rs\/wp-content\/uploads\/2021\/10\/logotipi-lukova-za-sajt-07.png","contentUrl":"https:\/\/novisad2022.rs\/wp-content\/uploads\/2021\/10\/logotipi-lukova-za-sajt-07.png","width":1200,"height":630},{"@type":"BreadcrumbList","@id":"https:\/\/novisad2022.rs\/en\/kaleidoscope-of-culture\/#breadcrumb","itemListElement":[{"@type":"ListItem","position":1,"name":"\u041f\u043e\u0447\u0435\u0442\u043d\u0430","item":"https:\/\/novisad2022.rs\/en\/home-page\/"},{"@type":"ListItem","position":2,"name":"1 SEP \u2013 7 OCT 2022"}]},{"@type":"WebSite","@id":"https:\/\/novisad2022.rs\/en\/#website","url":"https:\/\/novisad2022.rs\/en\/","name":"Novi Sad 2022","description":"European Capital of Culture","potentialAction":[{"@type":"SearchAction","target":{"@type":"EntryPoint","urlTemplate":"https:\/\/novisad2022.rs\/en\/?s={search_term_string}"},"query-input":{"@type":"PropertyValueSpecification","valueRequired":true,"valueName":"search_term_string"}}],"inLanguage":"en-US"}]}},"_links":{"self":[{"href":"https:\/\/novisad2022.rs\/en\/wp-json\/wp\/v2\/pages\/13805","targetHints":{"allow":["GET"]}}],"collection":[{"href":"https:\/\/novisad2022.rs\/en\/wp-json\/wp\/v2\/pages"}],"about":[{"href":"https:\/\/novisad2022.rs\/en\/wp-json\/wp\/v2\/types\/page"}],"author":[{"embeddable":true,"href":"https:\/\/novisad2022.rs\/en\/wp-json\/wp\/v2\/users\/8"}],"replies":[{"embeddable":true,"href":"https:\/\/novisad2022.rs\/en\/wp-json\/wp\/v2\/comments?post=13805"}],"version-history":[{"count":21,"href":"https:\/\/novisad2022.rs\/en\/wp-json\/wp\/v2\/pages\/13805\/revisions"}],"predecessor-version":[{"id":29621,"href":"https:\/\/novisad2022.rs\/en\/wp-json\/wp\/v2\/pages\/13805\/revisions\/29621"}],"wp:featuredmedia":[{"embeddable":true,"href":"https:\/\/novisad2022.rs\/en\/wp-json\/wp\/v2\/media\/15672"}],"wp:attachment":[{"href":"https:\/\/novisad2022.rs\/en\/wp-json\/wp\/v2\/media?parent=13805"}],"curies":[{"name":"wp","href":"https:\/\/api.w.org\/{rel}","templated":true}]}}